{"id":645,"date":"2022-11-12T22:47:16","date_gmt":"2022-11-13T03:47:16","guid":{"rendered":"https:\/\/dcorpus-spa.com\/?post_type=product&#038;p=645"},"modified":"2024-09-04T17:34:01","modified_gmt":"2024-09-04T22:34:01","slug":"bono-de-regalo-spa-para-cumpleanos-opcion-2","status":"publish","type":"product","link":"https:\/\/dcorpus-spa.com\/en\/paquetes-y-bonos\/bono-de-regalo-spa-para-cumpleanos-opcion-2\/","title":{"rendered":"Bono de regalo | Plan Cumplea\u00f1os Opci\u00f3n 2"},"content":{"rendered":"<h5>SPA PARA CUMPLEA\u00d1OS<\/h5>\n<h5>PLAN BIRTHDAY Opc.2 (Session of approx. 6 hrs)<\/h5>\n<ul>\n<li>Paradise of water (hydrotherapy circuit)<\/li>\n<li>Session of relaxing massage + body mask choice.<\/li>\n<li>Cleansing and moisturizing facial.<\/li>\n<li>Brushed + manicure &amp; pedicure<\/li>\n<li>Lunch or dinner for two at restaurant Terrace Terrace (Two entrees + two natural drinks to choice)<\/li>\n<li>Dessert courtesy<\/li>\n<\/ul>\n<p><strong>Valor persona $580.000<\/strong><\/p>","protected":false},"excerpt":{"rendered":"<h5>PLAN BIRTHDAY Opc.2 (Session of approx. 6 hrs)<\/h5>\n<ul>\n<li>Paradise of water (hydrotherapy circuit)<\/li>\n<li>Session of relaxing massage + body mask choice.<\/li>\n<li>Cleansing and moisturizing facial.<\/li>\n<li>Brushed + manicure &amp; pedicure<\/li>\n<li>Lunch or dinner for two at restaurant Terrace Terrace (Two entrees + two natural drinks to choice)<\/li>\n<li>Dessert courtesy<\/li>\n<\/ul>\n<p><strong>Valor persona $580.000<\/strong><\/p>","protected":false},"featured_media":375,"comment_status":"open","ping_status":"closed","template":"","meta":{"_joinchat":[]},"product_cat":[32],"product_tag":[],"giftcard-category":[],"class_list":["post-645","product","type-product","status-publish","has-post-thumbnail","hentry","product_cat-bono-de-regalo","sales-flash-overlay","woocommerce-text-align-center","woocommerce-image-align-center","do-quantity-buttons"],"acf":[],"_links":{"self":[{"href":"https:\/\/dcorpus-spa.com\/en\/wp-json\/wp\/v2\/product\/645","targetHints":{"allow":["GET"]}}],"collection":[{"href":"https:\/\/dcorpus-spa.com\/en\/wp-json\/wp\/v2\/product"}],"about":[{"href":"https:\/\/dcorpus-spa.com\/en\/wp-json\/wp\/v2\/types\/product"}],"replies":[{"embeddable":true,"href":"https:\/\/dcorpus-spa.com\/en\/wp-json\/wp\/v2\/comments?post=645"}],"wp:featuredmedia":[{"embeddable":true,"href":"https:\/\/dcorpus-spa.com\/en\/wp-json\/wp\/v2\/media\/375"}],"wp:attachment":[{"href":"https:\/\/dcorpus-spa.com\/en\/wp-json\/wp\/v2\/media?parent=645"}],"wp:term":[{"taxonomy":"product_cat","embeddable":true,"href":"https:\/\/dcorpus-spa.com\/en\/wp-json\/wp\/v2\/product_cat?post=645"},{"taxonomy":"product_tag","embeddable":true,"href":"https:\/\/dcorpus-spa.com\/en\/wp-json\/wp\/v2\/product_tag?post=645"},{"taxonomy":"giftcard-category","embeddable":true,"href":"https:\/\/dcorpus-spa.com\/en\/wp-json\/wp\/v2\/giftcard-category?post=645"}],"curies":[{"name":"wp","href":"https:\/\/api.w.org\/{rel}","templated":true}]}}