{"id":628,"date":"2022-11-12T22:19:20","date_gmt":"2022-11-13T03:19:20","guid":{"rendered":"https:\/\/dcorpus-spa.com\/?post_type=product&#038;p=628"},"modified":"2025-12-16T22:00:43","modified_gmt":"2025-12-17T03:00:43","slug":"bono-de-regalo-spa-cumpleanos-opcion-1","status":"publish","type":"product","link":"https:\/\/dcorpus-spa.com\/en\/paquetes-y-bonos\/bono-de-regalo-spa-cumpleanos-opcion-1\/","title":{"rendered":"Bono de regalo | Plan Cumplea\u00f1os opc1"},"content":{"rendered":"<h5>SPA CUMPLEA\u00d1OS<\/h5>\n<h5>PLAN BIRTHDAY Opc.1 (Session of approx. 4 hrs)<\/h5>\n<ul>\n<li>Paradise of water (hydrotherapy circuit)<\/li>\n<li>Session of relaxing massage body (Session x 1 hr)<\/li>\n<li>Brushed + manicure + pedicure<\/li>\n<li>Glass of wine<\/li>\n<li>Dessert courtesy<\/li>\n<\/ul>\n<p><strong>Valor persona $390.000<\/strong><\/p>","protected":false},"excerpt":{"rendered":"<p>SPA CUMPLEA\u00d1OS PLAN CUMPLEA\u00d1OS Opc.1 (Sesi\u00f3n de aprox. 4 hrs) Para\u00edso de agua (circuito de hidroterapia) Sesi\u00f3n de masaje relajante corporal (Sesi\u00f3n x 1 hr) Cepillado + manicure + pedicure Copa de vino Postre de cortes\u00eda Valor persona $390.000<\/p>","protected":false},"featured_media":797,"comment_status":"open","ping_status":"closed","template":"","meta":{"_joinchat":[]},"product_cat":[32],"product_tag":[],"giftcard-category":[],"class_list":["post-628","product","type-product","status-publish","has-post-thumbnail","hentry","product_cat-bono-de-regalo","sales-flash-overlay","woocommerce-text-align-center","woocommerce-image-align-center","do-quantity-buttons"],"acf":[],"_links":{"self":[{"href":"https:\/\/dcorpus-spa.com\/en\/wp-json\/wp\/v2\/product\/628","targetHints":{"allow":["GET"]}}],"collection":[{"href":"https:\/\/dcorpus-spa.com\/en\/wp-json\/wp\/v2\/product"}],"about":[{"href":"https:\/\/dcorpus-spa.com\/en\/wp-json\/wp\/v2\/types\/product"}],"replies":[{"embeddable":true,"href":"https:\/\/dcorpus-spa.com\/en\/wp-json\/wp\/v2\/comments?post=628"}],"wp:featuredmedia":[{"embeddable":true,"href":"https:\/\/dcorpus-spa.com\/en\/wp-json\/wp\/v2\/media\/797"}],"wp:attachment":[{"href":"https:\/\/dcorpus-spa.com\/en\/wp-json\/wp\/v2\/media?parent=628"}],"wp:term":[{"taxonomy":"product_cat","embeddable":true,"href":"https:\/\/dcorpus-spa.com\/en\/wp-json\/wp\/v2\/product_cat?post=628"},{"taxonomy":"product_tag","embeddable":true,"href":"https:\/\/dcorpus-spa.com\/en\/wp-json\/wp\/v2\/product_tag?post=628"},{"taxonomy":"giftcard-category","embeddable":true,"href":"https:\/\/dcorpus-spa.com\/en\/wp-json\/wp\/v2\/giftcard-category?post=628"}],"curies":[{"name":"wp","href":"https:\/\/api.w.org\/{rel}","templated":true}]}}