{"id":626,"date":"2022-10-12T22:15:22","date_gmt":"2022-10-13T03:15:22","guid":{"rendered":"https:\/\/dcorpus-spa.com\/?post_type=product&#038;p=626"},"modified":"2026-03-02T18:15:51","modified_gmt":"2026-03-02T23:15:51","slug":"spa-tarde-de-amigos-as-opcion-1-2","status":"publish","type":"product","link":"https:\/\/dcorpus-spa.com\/en\/paquetes-y-bonos\/spa-tarde-de-amigos-as-opcion-1-2\/","title":{"rendered":"Bono de regalo | Spa Tarde de Amigos\/as Opci\u00f3n 1"},"content":{"rendered":"<p><strong>*Note* (Groups of more than three people in front)<\/strong><\/p>\n<h5><strong>Bono de regalo Spa Tarde de amig@s opci\u00f3n 1 incluye: <\/strong><\/h5>\n<ul>\n<li>Paradise of water (hydrotherapy circuit) Session 1 hr and 30 mins<\/li>\n<li>Pool Fun with stations hydrojet therapeutic focused on lumbar area, back, neck and legs.<\/li>\n<li>Pool bed of bubbles (Pool poor that simulates a thermal)<\/li>\n<li>Areas of sauna &amp; steam.<\/li>\n<li>Body scrub in steam + discoloration of the hair.<\/li>\n<li>Massage skull face (covering area of the head, face, neck, shoulders, and part of the chest)<\/li>\n<li>Cocktails Margaritas (with or without liquor)<\/li>\n<li>Alitas BBQ (Input to share)<\/li>\n<li>Zona de bronceo al aire libre _(opcional, no se modifica por otros servicios)_<\/li>\n<li>Basic decoration theme<\/li>\n<\/ul>\n<h5><strong>Valor por persona $170.000<\/strong><\/h5>\n<h5><strong>Duraci\u00f3n Aprox. 2 hrs 30min<\/strong><\/h5>\n<p>&nbsp;<\/p>","protected":false},"excerpt":{"rendered":"<p>Celebra el poder de ser mujer con tus amigas. Disfruta de un d\u00eda de spa y rel\u00e1jense juntas con este plan tarde de amigas, que incluye nuestro para\u00edso de agua, masaje craneofacial, exfoliaci\u00f3n y decoloraci\u00f3n, finalizando con un coctel margarita para cada una y alitas bbq para compartir.<\/p>\n<h5><strong>Valor por persona $170.000 (m\u00ednimo 3 personas)\u00a0<\/strong><\/h5>","protected":false},"featured_media":365,"comment_status":"open","ping_status":"closed","template":"","meta":{"_joinchat":[]},"product_cat":[32],"product_tag":[],"giftcard-category":[],"class_list":["post-626","product","type-product","status-publish","has-post-thumbnail","hentry","product_cat-bono-de-regalo","sales-flash-overlay","woocommerce-text-align-center","woocommerce-image-align-center","do-quantity-buttons"],"acf":[],"_links":{"self":[{"href":"https:\/\/dcorpus-spa.com\/en\/wp-json\/wp\/v2\/product\/626","targetHints":{"allow":["GET"]}}],"collection":[{"href":"https:\/\/dcorpus-spa.com\/en\/wp-json\/wp\/v2\/product"}],"about":[{"href":"https:\/\/dcorpus-spa.com\/en\/wp-json\/wp\/v2\/types\/product"}],"replies":[{"embeddable":true,"href":"https:\/\/dcorpus-spa.com\/en\/wp-json\/wp\/v2\/comments?post=626"}],"wp:featuredmedia":[{"embeddable":true,"href":"https:\/\/dcorpus-spa.com\/en\/wp-json\/wp\/v2\/media\/365"}],"wp:attachment":[{"href":"https:\/\/dcorpus-spa.com\/en\/wp-json\/wp\/v2\/media?parent=626"}],"wp:term":[{"taxonomy":"product_cat","embeddable":true,"href":"https:\/\/dcorpus-spa.com\/en\/wp-json\/wp\/v2\/product_cat?post=626"},{"taxonomy":"product_tag","embeddable":true,"href":"https:\/\/dcorpus-spa.com\/en\/wp-json\/wp\/v2\/product_tag?post=626"},{"taxonomy":"giftcard-category","embeddable":true,"href":"https:\/\/dcorpus-spa.com\/en\/wp-json\/wp\/v2\/giftcard-category?post=626"}],"curies":[{"name":"wp","href":"https:\/\/api.w.org\/{rel}","templated":true}]}}