{"id":625,"date":"2022-10-12T22:12:38","date_gmt":"2022-10-13T03:12:38","guid":{"rendered":"https:\/\/dcorpus-spa.com\/?post_type=product&#038;p=625"},"modified":"2025-12-16T21:29:38","modified_gmt":"2025-12-17T02:29:38","slug":"spa-cena-2","status":"publish","type":"product","link":"https:\/\/dcorpus-spa.com\/en\/paquetes-y-bonos\/spa-cena-2\/","title":{"rendered":"Bono de regalo | Spa &#038; Cena"},"content":{"rendered":"<p>Spa &amp; Cena incluye:<\/p>\n<ul>\n<li>Session of relaxing massage with bambuterapia, music therapy and aromatherapy. (1-hour session)<\/li>\n<li>Jacuzzi privado decorado con p\u00e9talos y velas + copas de vino.<\/li>\n<li>Cena rom\u00e1ntica para dos en Solarium Terraza. (Dos platos fuertes + dos bebidas naturales a elecci\u00f3n + decoraci\u00f3n rom\u00e1ntica en mesa)<\/li>\n<\/ul>\n<p><strong style=\"font-family: inherit; font-size: 20px; font-style: inherit;\">Duration: 2 hours <\/strong><\/p>\n<p><strong style=\"font-family: inherit; font-size: 20px; font-style: inherit;\">Valor Pareja $460.000<\/strong><\/p>","protected":false},"excerpt":{"rendered":"<p>Experimenta el lujo y la relajaci\u00f3n con nuestro exclusivo plan de Spa y Cena Rom\u00e1ntica en D`Corpus Spa, incluye:<\/p>\n<ul>\n<li>Session of relaxing massage with bambuterapia, music therapy and aromatherapy. (1-hour session)<\/li>\n<li>Jacuzzi privado decorado con p\u00e9talos y velas + copas de vino.<\/li>\n<li>Cena rom\u00e1ntica para dos en Solarium Terraza. (Dos platos fuertes + dos bebidas naturales a elecci\u00f3n + decoraci\u00f3n rom\u00e1ntica en mesa)<\/li>\n<\/ul>\n<p><strong style=\"font-family: inherit; font-size: 20px; font-style: inherit;\">Duration: 2 hours<\/strong><\/p>\n<p><strong style=\"font-family: inherit; font-size: 20px; font-style: inherit;\">Valor Pareja $460.000<\/strong><\/p>","protected":false},"featured_media":1856,"comment_status":"open","ping_status":"closed","template":"","meta":{"_joinchat":[]},"product_cat":[32],"product_tag":[],"giftcard-category":[],"class_list":["post-625","product","type-product","status-publish","has-post-thumbnail","hentry","product_cat-bono-de-regalo","sales-flash-overlay","woocommerce-text-align-center","woocommerce-image-align-center","do-quantity-buttons"],"acf":[],"_links":{"self":[{"href":"https:\/\/dcorpus-spa.com\/en\/wp-json\/wp\/v2\/product\/625","targetHints":{"allow":["GET"]}}],"collection":[{"href":"https:\/\/dcorpus-spa.com\/en\/wp-json\/wp\/v2\/product"}],"about":[{"href":"https:\/\/dcorpus-spa.com\/en\/wp-json\/wp\/v2\/types\/product"}],"replies":[{"embeddable":true,"href":"https:\/\/dcorpus-spa.com\/en\/wp-json\/wp\/v2\/comments?post=625"}],"wp:featuredmedia":[{"embeddable":true,"href":"https:\/\/dcorpus-spa.com\/en\/wp-json\/wp\/v2\/media\/1856"}],"wp:attachment":[{"href":"https:\/\/dcorpus-spa.com\/en\/wp-json\/wp\/v2\/media?parent=625"}],"wp:term":[{"taxonomy":"product_cat","embeddable":true,"href":"https:\/\/dcorpus-spa.com\/en\/wp-json\/wp\/v2\/product_cat?post=625"},{"taxonomy":"product_tag","embeddable":true,"href":"https:\/\/dcorpus-spa.com\/en\/wp-json\/wp\/v2\/product_tag?post=625"},{"taxonomy":"giftcard-category","embeddable":true,"href":"https:\/\/dcorpus-spa.com\/en\/wp-json\/wp\/v2\/giftcard-category?post=625"}],"curies":[{"name":"wp","href":"https:\/\/api.w.org\/{rel}","templated":true}]}}