{"id":610,"date":"2022-10-12T22:02:19","date_gmt":"2022-10-13T03:02:19","guid":{"rendered":"https:\/\/dcorpus-spa.com\/?post_type=product&#038;p=610"},"modified":"2025-12-17T19:53:39","modified_gmt":"2025-12-18T00:53:39","slug":"spa-relax-2","status":"publish","type":"product","link":"https:\/\/dcorpus-spa.com\/en\/paquetes-y-bonos\/spa-relax-2\/","title":{"rendered":"Bono de regalo | Spa Relax"},"content":{"rendered":"<p>El Bono de regalo Spa Relax incluye:<\/p>\n<ul>\n<li>Paradise of water (hydrotherapy circuit). (Session 1 hr and 30 mins)<\/li>\n<li>Sesi\u00f3n de masaje relajante con piedras calientes (Sesi\u00f3n de 1 hr)<\/li>\n<li>Piedras calientes<\/li>\n<li>Natural drink + quesadilla to share<\/li>\n<\/ul>\n<h5><strong>Persona $320.000 &#8211; Pareja $520.000<\/strong><\/h5>","protected":false},"excerpt":{"rendered":"<p>Escapa del estr\u00e9s y sum\u00e9rgete en la relajaci\u00f3n con nuestro Spa Relax.<\/p>\n<ul>\n<li>Disfruta de nuestro circuito h\u00eddrico de bienestar (piscina l\u00fadica, sauna, ba\u00f1o turco y cama de burbujas)<\/li>\n<li>Recibe un masaje relajante con piedras calientes para liberar tensiones<\/li>\n<li>Finaliza con una deliciosa quesadilla y un refrescante jugo natural<\/li>\n<\/ul>\n<h5><strong>Persona $320.000 &#8211; Pareja $520.000<\/strong><\/h5>","protected":false},"featured_media":1845,"comment_status":"open","ping_status":"closed","template":"","meta":{"_joinchat":[]},"product_cat":[32],"product_tag":[],"giftcard-category":[],"class_list":["post-610","product","type-product","status-publish","has-post-thumbnail","hentry","product_cat-bono-de-regalo","sales-flash-overlay","woocommerce-text-align-center","woocommerce-image-align-center","do-quantity-buttons"],"acf":[],"_links":{"self":[{"href":"https:\/\/dcorpus-spa.com\/en\/wp-json\/wp\/v2\/product\/610","targetHints":{"allow":["GET"]}}],"collection":[{"href":"https:\/\/dcorpus-spa.com\/en\/wp-json\/wp\/v2\/product"}],"about":[{"href":"https:\/\/dcorpus-spa.com\/en\/wp-json\/wp\/v2\/types\/product"}],"replies":[{"embeddable":true,"href":"https:\/\/dcorpus-spa.com\/en\/wp-json\/wp\/v2\/comments?post=610"}],"wp:featuredmedia":[{"embeddable":true,"href":"https:\/\/dcorpus-spa.com\/en\/wp-json\/wp\/v2\/media\/1845"}],"wp:attachment":[{"href":"https:\/\/dcorpus-spa.com\/en\/wp-json\/wp\/v2\/media?parent=610"}],"wp:term":[{"taxonomy":"product_cat","embeddable":true,"href":"https:\/\/dcorpus-spa.com\/en\/wp-json\/wp\/v2\/product_cat?post=610"},{"taxonomy":"product_tag","embeddable":true,"href":"https:\/\/dcorpus-spa.com\/en\/wp-json\/wp\/v2\/product_tag?post=610"},{"taxonomy":"giftcard-category","embeddable":true,"href":"https:\/\/dcorpus-spa.com\/en\/wp-json\/wp\/v2\/giftcard-category?post=610"}],"curies":[{"name":"wp","href":"https:\/\/api.w.org\/{rel}","templated":true}]}}