{"id":594,"date":"2022-10-12T20:36:15","date_gmt":"2022-10-13T01:36:15","guid":{"rendered":"https:\/\/dcorpus-spa.com\/?post_type=product&#038;p=594"},"modified":"2025-12-15T18:52:06","modified_gmt":"2025-12-15T23:52:06","slug":"bono-de-regalo-masaje-descontracturante-en-cali","status":"publish","type":"product","link":"https:\/\/dcorpus-spa.com\/en\/paquetes-y-bonos\/bono-de-regalo-masaje-descontracturante-en-cali\/","title":{"rendered":"Bono de regalo | Masaje descontracturante"},"content":{"rendered":"<p>Massage with strong pressure directed to specific areas of the body that suffer greater stress and pain, such as neck, back and lumbar area, managing to improve its mobility and elasticity. (1 hour)<\/p>\n<ul>\n<li>Area includes a sauna or steam (15 mins).<\/li>\n<li>Receives aromatic red fruit.<\/li>\n<\/ul>\n<p>La sesi\u00f3n de masaje se realiza en cabina tem\u00e1tica, con aromaterapia, musicoterapia y aceites esenciales, donde buscamos transportar a nuestros visitantes a otro espacio, a<br \/>\ntrav\u00e9s de lo visual, los aromas y sonidos particulares de un entorno tropical de playa y bosque.<\/p>\n<h5><strong>Persona $210.000 \/ Pareja $390.000<\/strong><\/h5>","protected":false},"excerpt":{"rendered":"<p>Masaje de presi\u00f3n fuerte dirigido a zonas espec\u00edficas del cuerpo que sufren mayor tensi\u00f3n y dolor, como cuello, espalda y \u00e1rea lumbar, logrando mejorar su movilidad y elasticidad.<\/p>\n<ul>\n<li>Area includes a sauna or steam (15 mins).<\/li>\n<li>Receives aromatic red fruit.<\/li>\n<\/ul>\n<p>La sesi\u00f3n de masaje se realiza en cabina tem\u00e1tica, con aromaterapia, musicoterapia y aceites esenciales, donde buscamos transportar a nuestros visitantes a otro espacio, a<br \/>\ntrav\u00e9s de lo visual, los aromas y sonidos particulares de un entorno tropical de playa y bosque.<\/p>","protected":false},"featured_media":369,"comment_status":"open","ping_status":"closed","template":"","meta":{"_joinchat":[]},"product_cat":[32],"product_tag":[],"giftcard-category":[],"class_list":["post-594","product","type-product","status-publish","has-post-thumbnail","hentry","product_cat-bono-de-regalo","sales-flash-overlay","woocommerce-text-align-center","woocommerce-image-align-center","do-quantity-buttons"],"acf":[],"_links":{"self":[{"href":"https:\/\/dcorpus-spa.com\/en\/wp-json\/wp\/v2\/product\/594","targetHints":{"allow":["GET"]}}],"collection":[{"href":"https:\/\/dcorpus-spa.com\/en\/wp-json\/wp\/v2\/product"}],"about":[{"href":"https:\/\/dcorpus-spa.com\/en\/wp-json\/wp\/v2\/types\/product"}],"replies":[{"embeddable":true,"href":"https:\/\/dcorpus-spa.com\/en\/wp-json\/wp\/v2\/comments?post=594"}],"wp:featuredmedia":[{"embeddable":true,"href":"https:\/\/dcorpus-spa.com\/en\/wp-json\/wp\/v2\/media\/369"}],"wp:attachment":[{"href":"https:\/\/dcorpus-spa.com\/en\/wp-json\/wp\/v2\/media?parent=594"}],"wp:term":[{"taxonomy":"product_cat","embeddable":true,"href":"https:\/\/dcorpus-spa.com\/en\/wp-json\/wp\/v2\/product_cat?post=594"},{"taxonomy":"product_tag","embeddable":true,"href":"https:\/\/dcorpus-spa.com\/en\/wp-json\/wp\/v2\/product_tag?post=594"},{"taxonomy":"giftcard-category","embeddable":true,"href":"https:\/\/dcorpus-spa.com\/en\/wp-json\/wp\/v2\/giftcard-category?post=594"}],"curies":[{"name":"wp","href":"https:\/\/api.w.org\/{rel}","templated":true}]}}