{"id":591,"date":"2022-11-12T20:11:07","date_gmt":"2022-11-13T01:11:07","guid":{"rendered":"https:\/\/dcorpus-spa.com\/?post_type=product&#038;p=591"},"modified":"2025-12-16T21:07:34","modified_gmt":"2025-12-17T02:07:34","slug":"masaje-relajante-con-piedras-calientes-2","status":"publish","type":"product","link":"https:\/\/dcorpus-spa.com\/en\/paquetes-y-bonos\/masaje-relajante-con-piedras-calientes-2\/","title":{"rendered":"Bono de regalo | Masaje relajante con piedras calientes"},"content":{"rendered":"<p>Masaje relajante con piedras calientes es un masaje de presi\u00f3n media con corrientes ayurvedas complementado con piedras calientes dirigido a reducir los dolores cr\u00f3nicos del cuerpo, principalmente los \u00f3seos y los musculares y equilibrar el sistema nervioso mejorando la circulaci\u00f3n sangu\u00ednea, provocando una sensaci\u00f3n de ligereza y descanso.<\/p>\n<ul>\n<li>Includes a pool bed of bubbles (15 mins).<\/li>\n<li>Get cocktail mimosa.<\/li>\n<\/ul>\n<p><b>Persona $190.000 \/ Pareja $350.000<\/b><\/p>","protected":false},"excerpt":{"rendered":"<p>Massage of medium pressure with currents ayurvedas supplemented with hot stones aimed at reducing the chronic pains of the body, mainly the bone and the muscle and balance the nervous system by improving blood circulation, causing a feeling of lightness and relaxation.<\/p>\n<ul>\n<li>Includes a pool bed of bubbles (15 mins).<\/li>\n<li>Get cocktail mimosa.<\/li>\n<\/ul>\n<p><b>Persona $190.000 \/ Pareja $350.000<\/b><\/p>","protected":false},"featured_media":368,"comment_status":"open","ping_status":"closed","template":"","meta":{"_joinchat":[]},"product_cat":[32],"product_tag":[],"giftcard-category":[],"class_list":["post-591","product","type-product","status-publish","has-post-thumbnail","hentry","product_cat-bono-de-regalo","sales-flash-overlay","woocommerce-text-align-center","woocommerce-image-align-center","do-quantity-buttons"],"acf":[],"_links":{"self":[{"href":"https:\/\/dcorpus-spa.com\/en\/wp-json\/wp\/v2\/product\/591","targetHints":{"allow":["GET"]}}],"collection":[{"href":"https:\/\/dcorpus-spa.com\/en\/wp-json\/wp\/v2\/product"}],"about":[{"href":"https:\/\/dcorpus-spa.com\/en\/wp-json\/wp\/v2\/types\/product"}],"replies":[{"embeddable":true,"href":"https:\/\/dcorpus-spa.com\/en\/wp-json\/wp\/v2\/comments?post=591"}],"wp:featuredmedia":[{"embeddable":true,"href":"https:\/\/dcorpus-spa.com\/en\/wp-json\/wp\/v2\/media\/368"}],"wp:attachment":[{"href":"https:\/\/dcorpus-spa.com\/en\/wp-json\/wp\/v2\/media?parent=591"}],"wp:term":[{"taxonomy":"product_cat","embeddable":true,"href":"https:\/\/dcorpus-spa.com\/en\/wp-json\/wp\/v2\/product_cat?post=591"},{"taxonomy":"product_tag","embeddable":true,"href":"https:\/\/dcorpus-spa.com\/en\/wp-json\/wp\/v2\/product_tag?post=591"},{"taxonomy":"giftcard-category","embeddable":true,"href":"https:\/\/dcorpus-spa.com\/en\/wp-json\/wp\/v2\/giftcard-category?post=591"}],"curies":[{"name":"wp","href":"https:\/\/api.w.org\/{rel}","templated":true}]}}