{"id":547,"date":"2022-09-01T18:30:05","date_gmt":"2022-09-01T23:30:05","guid":{"rendered":"https:\/\/dcorpus-spa.com\/?post_type=product&#038;p=547"},"modified":"2024-09-27T12:09:04","modified_gmt":"2024-09-27T17:09:04","slug":"depilacion-con-cera-para-mujer","status":"publish","type":"product","link":"https:\/\/dcorpus-spa.com\/en\/paquetes-y-bonos\/depilacion-con-cera-para-mujer\/","title":{"rendered":"Depilaci\u00f3n con Cera (Mujer)"},"content":{"rendered":"<p>Our strong point is to be very delicate with your skin<\/p>","protected":false},"excerpt":{"rendered":"<p>Ofrecemos una depilaci\u00f3n con cera r\u00e1pida y eficaz que remueve el vello desde la ra\u00edz, dejando tu piel tersa y libre de vello por m\u00e1s tiempo. Ideal para cualquier parte del cuerpo, nuestro servicio de depilaci\u00f3n con cera de chocolate asegura una piel suave y saludable.<\/p>\n<p>&nbsp;<\/p>","protected":false},"featured_media":802,"comment_status":"open","ping_status":"closed","template":"","meta":{"_joinchat":[]},"product_cat":[40],"product_tag":[],"giftcard-category":[],"class_list":["post-547","product","type-product","status-publish","has-post-thumbnail","hentry","product_cat-depilacion-con-cera-en-cali","sales-flash-overlay","woocommerce-text-align-center","woocommerce-image-align-center","do-quantity-buttons"],"acf":[],"_links":{"self":[{"href":"https:\/\/dcorpus-spa.com\/en\/wp-json\/wp\/v2\/product\/547","targetHints":{"allow":["GET"]}}],"collection":[{"href":"https:\/\/dcorpus-spa.com\/en\/wp-json\/wp\/v2\/product"}],"about":[{"href":"https:\/\/dcorpus-spa.com\/en\/wp-json\/wp\/v2\/types\/product"}],"replies":[{"embeddable":true,"href":"https:\/\/dcorpus-spa.com\/en\/wp-json\/wp\/v2\/comments?post=547"}],"wp:featuredmedia":[{"embeddable":true,"href":"https:\/\/dcorpus-spa.com\/en\/wp-json\/wp\/v2\/media\/802"}],"wp:attachment":[{"href":"https:\/\/dcorpus-spa.com\/en\/wp-json\/wp\/v2\/media?parent=547"}],"wp:term":[{"taxonomy":"product_cat","embeddable":true,"href":"https:\/\/dcorpus-spa.com\/en\/wp-json\/wp\/v2\/product_cat?post=547"},{"taxonomy":"product_tag","embeddable":true,"href":"https:\/\/dcorpus-spa.com\/en\/wp-json\/wp\/v2\/product_tag?post=547"},{"taxonomy":"giftcard-category","embeddable":true,"href":"https:\/\/dcorpus-spa.com\/en\/wp-json\/wp\/v2\/giftcard-category?post=547"}],"curies":[{"name":"wp","href":"https:\/\/api.w.org\/{rel}","templated":true}]}}