{"id":529,"date":"2022-10-09T17:20:11","date_gmt":"2022-10-09T22:20:11","guid":{"rendered":"https:\/\/dcorpus-spa.com\/?post_type=product&#038;p=529"},"modified":"2026-02-26T17:27:56","modified_gmt":"2026-02-26T22:27:56","slug":"turco-o-sauna","status":"publish","type":"product","link":"https:\/\/dcorpus-spa.com\/en\/paquetes-y-bonos\/turco-o-sauna\/","title":{"rendered":"Steam or sauna"},"content":{"rendered":"<p>Steam or sauna (30 min)<\/p>\n<p>Disfruta de un momento de relajaci\u00f3n total en nuestro turco y sauna privados. Nuestro espacio est\u00e1 dise\u00f1ado para que puedas relajarte sin interrupciones ni compa\u00f1ia de otras personas.<\/p>\n<p>Individual Price $40.000<br \/>\nwheelset price of $80,000<\/p>","protected":false},"excerpt":{"rendered":"<p>Enjoy a steam or sauna, whichever you choose helps to relax the muscles, improve the blood circulation and purify the skin to open pores and remove impurities. It is the perfect place to release stress and revitalize both the body and mind. Relieves tension and promotes a deep sense of well-being.<\/p>\n<p>Individual Price $40.000<br \/>\nwheelset price of $80,000<\/p>\n<p>&nbsp;<\/p>\n<p>&nbsp;<\/p>","protected":false},"featured_media":728,"comment_status":"open","ping_status":"closed","template":"","meta":{"_joinchat":[]},"product_cat":[88],"product_tag":[],"giftcard-category":[],"class_list":["post-529","product","type-product","status-publish","has-post-thumbnail","hentry","product_cat-adicionales","sales-flash-overlay","woocommerce-text-align-center","woocommerce-image-align-center","do-quantity-buttons","wc-has-gallery"],"acf":[],"_links":{"self":[{"href":"https:\/\/dcorpus-spa.com\/en\/wp-json\/wp\/v2\/product\/529","targetHints":{"allow":["GET"]}}],"collection":[{"href":"https:\/\/dcorpus-spa.com\/en\/wp-json\/wp\/v2\/product"}],"about":[{"href":"https:\/\/dcorpus-spa.com\/en\/wp-json\/wp\/v2\/types\/product"}],"replies":[{"embeddable":true,"href":"https:\/\/dcorpus-spa.com\/en\/wp-json\/wp\/v2\/comments?post=529"}],"wp:featuredmedia":[{"embeddable":true,"href":"https:\/\/dcorpus-spa.com\/en\/wp-json\/wp\/v2\/media\/728"}],"wp:attachment":[{"href":"https:\/\/dcorpus-spa.com\/en\/wp-json\/wp\/v2\/media?parent=529"}],"wp:term":[{"taxonomy":"product_cat","embeddable":true,"href":"https:\/\/dcorpus-spa.com\/en\/wp-json\/wp\/v2\/product_cat?post=529"},{"taxonomy":"product_tag","embeddable":true,"href":"https:\/\/dcorpus-spa.com\/en\/wp-json\/wp\/v2\/product_tag?post=529"},{"taxonomy":"giftcard-category","embeddable":true,"href":"https:\/\/dcorpus-spa.com\/en\/wp-json\/wp\/v2\/giftcard-category?post=529"}],"curies":[{"name":"wp","href":"https:\/\/api.w.org\/{rel}","templated":true}]}}