{"id":377,"date":"2022-09-01T15:27:21","date_gmt":"2022-09-01T20:27:21","guid":{"rendered":"https:\/\/dcorpus-spa.com\/?post_type=product&#038;p=377"},"modified":"2024-09-27T12:08:25","modified_gmt":"2024-09-27T17:08:25","slug":"depilacion-en-cera-para-hombre","status":"publish","type":"product","link":"https:\/\/dcorpus-spa.com\/en\/paquetes-y-bonos\/depilacion-en-cera-para-hombre\/","title":{"rendered":"Depilaci\u00f3n con Cera (Hombre)"},"content":{"rendered":"<p>Our strong point is to be very delicate with your skin<\/p>","protected":false},"excerpt":{"rendered":"<p>Nuestro servicio de depilaci\u00f3n en cera para hombres est\u00e1 dise\u00f1ado para ofrecer una experiencia c\u00f3moda y efectiva en la eliminaci\u00f3n del vello corporal. Ya sea para \u00e1reas como la nariz, el pecho, espalda, brazos o piernas, la depilaci\u00f3n con cera proporciona una piel suave y libre de vello por m\u00e1s tiempo. Ideal para quienes buscan un m\u00e9todo r\u00e1pido y duradero de cuidado personal, asegurando una piel limpia y tersa sin irritaciones. Perfecto para mantener una imagen cuidada y profesional.<\/p>","protected":false},"featured_media":700,"comment_status":"open","ping_status":"closed","template":"","meta":{"_joinchat":[]},"product_cat":[40],"product_tag":[],"giftcard-category":[],"class_list":["post-377","product","type-product","status-publish","has-post-thumbnail","hentry","product_cat-depilacion-con-cera-en-cali","sales-flash-overlay","woocommerce-text-align-center","woocommerce-image-align-center","do-quantity-buttons"],"acf":[],"_links":{"self":[{"href":"https:\/\/dcorpus-spa.com\/en\/wp-json\/wp\/v2\/product\/377","targetHints":{"allow":["GET"]}}],"collection":[{"href":"https:\/\/dcorpus-spa.com\/en\/wp-json\/wp\/v2\/product"}],"about":[{"href":"https:\/\/dcorpus-spa.com\/en\/wp-json\/wp\/v2\/types\/product"}],"replies":[{"embeddable":true,"href":"https:\/\/dcorpus-spa.com\/en\/wp-json\/wp\/v2\/comments?post=377"}],"wp:featuredmedia":[{"embeddable":true,"href":"https:\/\/dcorpus-spa.com\/en\/wp-json\/wp\/v2\/media\/700"}],"wp:attachment":[{"href":"https:\/\/dcorpus-spa.com\/en\/wp-json\/wp\/v2\/media?parent=377"}],"wp:term":[{"taxonomy":"product_cat","embeddable":true,"href":"https:\/\/dcorpus-spa.com\/en\/wp-json\/wp\/v2\/product_cat?post=377"},{"taxonomy":"product_tag","embeddable":true,"href":"https:\/\/dcorpus-spa.com\/en\/wp-json\/wp\/v2\/product_tag?post=377"},{"taxonomy":"giftcard-category","embeddable":true,"href":"https:\/\/dcorpus-spa.com\/en\/wp-json\/wp\/v2\/giftcard-category?post=377"}],"curies":[{"name":"wp","href":"https:\/\/api.w.org\/{rel}","templated":true}]}}