{"id":3253,"date":"2026-05-05T11:09:24","date_gmt":"2026-05-05T16:09:24","guid":{"rendered":"https:\/\/dcorpus-spa.com\/?post_type=product&#038;p=3253"},"modified":"2026-05-05T11:51:30","modified_gmt":"2026-05-05T16:51:30","slug":"ritual-mama-premium","status":"publish","type":"product","link":"https:\/\/dcorpus-spa.com\/en\/paquetes-y-bonos\/ritual-mama-premium\/","title":{"rendered":"Ritual Mam\u00e1 Premium"},"content":{"rendered":"<p>Ritual Mam\u00e1 Premium incluye:<\/p>\n<ul>\n<li>C\u00f3ctel de bienvenida<\/li>\n<li>Zona de calor o cama de burbujas<\/li>\n<li>Masaje relajante con vela tibia (Craneofacial, espalda, masaje podal y cuerpo completo Sesi\u00f3n 1 hora)<\/li>\n<li>Ritual facial hidratante + velo facial+ esferas frias (1 hora)<\/li>\n<li>Parfait de frutas<\/li>\n<\/ul>\n<p>Valor persona: $320.000<\/p>\n<p>Mam\u00e1 + acompa\u00f1ante: $5700.000<\/p>","protected":false},"excerpt":{"rendered":"<p>En este mes de la Madre, reg\u00e1lale a mam\u00e1 una experiencia completa para consentir a mam\u00e1 como se merece. Un ritual dise\u00f1ado para envolverla de bienestar y desconexi\u00f3n total. El ritual Premium para Mam\u00e1 incluye c\u00f3ctel de bienvenida, zona de calor o cama de burbujas, masaje relajante con vela tibia, ritual de hidrataci\u00f3n facial, con velo facial y esferas fr\u00edas. finaliza la experiencia con un delicioso parfait de frutas frescas con yogurt y granola.<\/p>\n<p>Duraci\u00f3n 2 horas y 30 minutos<\/p>\n<p>Valor por persona $320.000<br \/>\nMam\u00e1 + acompa\u00f1ante: $5700.000<\/p>\n<p>&nbsp;<\/p>\n<p>&nbsp;<\/p>","protected":false},"featured_media":3256,"comment_status":"open","ping_status":"closed","template":"","meta":{"_joinchat":[]},"product_cat":[98],"product_tag":[],"giftcard-category":[],"class_list":["post-3253","product","type-product","status-publish","has-post-thumbnail","hentry","product_cat-spa-madre","sales-flash-overlay","woocommerce-text-align-center","woocommerce-image-align-center","do-quantity-buttons"],"acf":[],"_links":{"self":[{"href":"https:\/\/dcorpus-spa.com\/en\/wp-json\/wp\/v2\/product\/3253","targetHints":{"allow":["GET"]}}],"collection":[{"href":"https:\/\/dcorpus-spa.com\/en\/wp-json\/wp\/v2\/product"}],"about":[{"href":"https:\/\/dcorpus-spa.com\/en\/wp-json\/wp\/v2\/types\/product"}],"replies":[{"embeddable":true,"href":"https:\/\/dcorpus-spa.com\/en\/wp-json\/wp\/v2\/comments?post=3253"}],"wp:featuredmedia":[{"embeddable":true,"href":"https:\/\/dcorpus-spa.com\/en\/wp-json\/wp\/v2\/media\/3256"}],"wp:attachment":[{"href":"https:\/\/dcorpus-spa.com\/en\/wp-json\/wp\/v2\/media?parent=3253"}],"wp:term":[{"taxonomy":"product_cat","embeddable":true,"href":"https:\/\/dcorpus-spa.com\/en\/wp-json\/wp\/v2\/product_cat?post=3253"},{"taxonomy":"product_tag","embeddable":true,"href":"https:\/\/dcorpus-spa.com\/en\/wp-json\/wp\/v2\/product_tag?post=3253"},{"taxonomy":"giftcard-category","embeddable":true,"href":"https:\/\/dcorpus-spa.com\/en\/wp-json\/wp\/v2\/giftcard-category?post=3253"}],"curies":[{"name":"wp","href":"https:\/\/api.w.org\/{rel}","templated":true}]}}