{"id":3252,"date":"2026-05-05T10:53:38","date_gmt":"2026-05-05T15:53:38","guid":{"rendered":"https:\/\/dcorpus-spa.com\/?post_type=product&#038;p=3252"},"modified":"2026-05-05T11:06:19","modified_gmt":"2026-05-05T16:06:19","slug":"bono-de-regalo-ritual-calma-para-mama","status":"publish","type":"product","link":"https:\/\/dcorpus-spa.com\/en\/paquetes-y-bonos\/bono-de-regalo-ritual-calma-para-mama\/","title":{"rendered":"Bono de regalo | Ritual calma para Mam\u00e1"},"content":{"rendered":"<p>Ritual calma para Mam\u00e1\u00a0 incluye:<\/p>\n<ul>\n<li>C\u00f3ctel de binvenida<\/li>\n<li>Turco (15min)<\/li>\n<li>Masaje relajante (45 min)<\/li>\n<li>Aromaterapia y musicoterapia<\/li>\n<li>Velo hidratante facial seg\u00fan tipo de piel<\/li>\n<li>Masaje facial con esferas frias<\/li>\n<li>Finaliza con sandwich gourmet<\/li>\n<\/ul>\n<p>Duraci\u00f3n 1 hora y 30 minutos<\/p>\n<p>Precio Individual: $210.000<\/p>\n<p>Mam\u00e1 + acompa\u00f1ante: $390.000<\/p>","protected":false},"excerpt":{"rendered":"<p>Reg\u00e1lale a mam\u00e1 un momento de descanso, bienestar y amor puro. Una experiencia creada para consentir, renovar su energ\u00eda y relajar su mente.<\/p>\n<p>&nbsp;<\/p>","protected":false},"featured_media":3251,"comment_status":"open","ping_status":"closed","template":"","meta":{"_joinchat":[]},"product_cat":[98,32],"product_tag":[],"giftcard-category":[],"class_list":["post-3252","product","type-product","status-publish","has-post-thumbnail","hentry","product_cat-spa-madre","product_cat-bono-de-regalo","sales-flash-overlay","woocommerce-text-align-center","woocommerce-image-align-center","do-quantity-buttons"],"acf":[],"_links":{"self":[{"href":"https:\/\/dcorpus-spa.com\/en\/wp-json\/wp\/v2\/product\/3252","targetHints":{"allow":["GET"]}}],"collection":[{"href":"https:\/\/dcorpus-spa.com\/en\/wp-json\/wp\/v2\/product"}],"about":[{"href":"https:\/\/dcorpus-spa.com\/en\/wp-json\/wp\/v2\/types\/product"}],"replies":[{"embeddable":true,"href":"https:\/\/dcorpus-spa.com\/en\/wp-json\/wp\/v2\/comments?post=3252"}],"wp:featuredmedia":[{"embeddable":true,"href":"https:\/\/dcorpus-spa.com\/en\/wp-json\/wp\/v2\/media\/3251"}],"wp:attachment":[{"href":"https:\/\/dcorpus-spa.com\/en\/wp-json\/wp\/v2\/media?parent=3252"}],"wp:term":[{"taxonomy":"product_cat","embeddable":true,"href":"https:\/\/dcorpus-spa.com\/en\/wp-json\/wp\/v2\/product_cat?post=3252"},{"taxonomy":"product_tag","embeddable":true,"href":"https:\/\/dcorpus-spa.com\/en\/wp-json\/wp\/v2\/product_tag?post=3252"},{"taxonomy":"giftcard-category","embeddable":true,"href":"https:\/\/dcorpus-spa.com\/en\/wp-json\/wp\/v2\/giftcard-category?post=3252"}],"curies":[{"name":"wp","href":"https:\/\/api.w.org\/{rel}","templated":true}]}}