{"id":3248,"date":"2026-05-05T10:30:04","date_gmt":"2026-05-05T15:30:04","guid":{"rendered":"https:\/\/dcorpus-spa.com\/?post_type=product&#038;p=3248"},"modified":"2026-05-05T11:07:43","modified_gmt":"2026-05-05T16:07:43","slug":"ritual-calma-para-mama","status":"publish","type":"product","link":"https:\/\/dcorpus-spa.com\/en\/paquetes-y-bonos\/ritual-calma-para-mama\/","title":{"rendered":"Ritual calma para Mam\u00e1"},"content":{"rendered":"<p>Ritual calma para Mam\u00e1<\/p>\n<p>incluye:<\/p>\n<ul>\n<li>C\u00f3ctel de bienvenida<\/li>\n<li>Turco (15min)<\/li>\n<li>Masaje relajante (45 min)<\/li>\n<li>Velo hidratante facial seg\u00fan tipo de piel<\/li>\n<li>Masaje facial con esferas frias<\/li>\n<li>Aromaterapia y musicoterapia<\/li>\n<li>Finaliza con un sandwich gourmet en pan baguette<\/li>\n<\/ul>\n<p>&nbsp;<\/p>\n<p>Duraci\u00f3n 1 hora y 30 minutos<\/p>\n<p>Precio Individual:\u00a0 $210.000<br \/>\nMam\u00e1 + acompa\u00f1ante:\u00a0 $390.000<\/p>\n<p>&nbsp;<\/p>\n<p>&nbsp;<\/p>\n<p>&nbsp;<\/p>\n<p>&nbsp;<\/p>\n<p>&nbsp;<\/p>","protected":false},"excerpt":{"rendered":"<p>Reg\u00e1lale a mam\u00e1 un d\u00eda de spa donde el cuerpo descansa y la mente se desconecta del mundo con nuestro ritual clama para Mam\u00e1, dise\u00f1ado para consentir a mam\u00e1 con cuidado y cari\u00f1o. Cada detalle de este tratamiento est\u00e1 pensado para hacerla sentir especial.<\/p>\n<ul>\n<li>Disfruta de un refrescante c\u00f3ctel de bienvenida.<\/li>\n<li>Deja que el estr\u00e9s se disipe en nuestro reconfortante turco, mientras el vapor suaviza la piel y calma los sentidos.<\/li>\n<li>Disfruta de un masaje relajante que ayuda a liberar tensiones, disminuir el estr\u00e9s y brindar una profunda sensaci\u00f3n de calma para mam\u00e1.<\/li>\n<li>Despierta la luminosidad de su piel con un velo facial que la dejar\u00e1 radiante y rejuvenecida.<\/li>\n<li>Culmina esta experiencia de amor y cuidado, brindando con un delicioso Sandwich con pan baguette<\/li>\n<\/ul>\n<p>Duraci\u00f3n 1 hora y 30 minutos<\/p>\n<p>Precio Individual: $210.000<\/p>\n<p>Mam\u00e1 + acompa\u00f1ante:\u00a0 $390.000<\/p>","protected":false},"featured_media":3251,"comment_status":"open","ping_status":"closed","template":"","meta":{"_joinchat":[]},"product_cat":[98],"product_tag":[],"giftcard-category":[],"class_list":["post-3248","product","type-product","status-publish","has-post-thumbnail","hentry","product_cat-spa-madre","sales-flash-overlay","woocommerce-text-align-center","woocommerce-image-align-center","do-quantity-buttons"],"acf":[],"_links":{"self":[{"href":"https:\/\/dcorpus-spa.com\/en\/wp-json\/wp\/v2\/product\/3248","targetHints":{"allow":["GET"]}}],"collection":[{"href":"https:\/\/dcorpus-spa.com\/en\/wp-json\/wp\/v2\/product"}],"about":[{"href":"https:\/\/dcorpus-spa.com\/en\/wp-json\/wp\/v2\/types\/product"}],"replies":[{"embeddable":true,"href":"https:\/\/dcorpus-spa.com\/en\/wp-json\/wp\/v2\/comments?post=3248"}],"wp:featuredmedia":[{"embeddable":true,"href":"https:\/\/dcorpus-spa.com\/en\/wp-json\/wp\/v2\/media\/3251"}],"wp:attachment":[{"href":"https:\/\/dcorpus-spa.com\/en\/wp-json\/wp\/v2\/media?parent=3248"}],"wp:term":[{"taxonomy":"product_cat","embeddable":true,"href":"https:\/\/dcorpus-spa.com\/en\/wp-json\/wp\/v2\/product_cat?post=3248"},{"taxonomy":"product_tag","embeddable":true,"href":"https:\/\/dcorpus-spa.com\/en\/wp-json\/wp\/v2\/product_tag?post=3248"},{"taxonomy":"giftcard-category","embeddable":true,"href":"https:\/\/dcorpus-spa.com\/en\/wp-json\/wp\/v2\/giftcard-category?post=3248"}],"curies":[{"name":"wp","href":"https:\/\/api.w.org\/{rel}","templated":true}]}}