{"id":2839,"date":"2025-10-18T12:50:58","date_gmt":"2025-10-18T17:50:58","guid":{"rendered":"https:\/\/dcorpus-spa.com\/?post_type=product&#038;p=2839"},"modified":"2025-10-22T10:29:20","modified_gmt":"2025-10-22T15:29:20","slug":"bono-de-regalo-plan-especial-aniversario","status":"publish","type":"product","link":"https:\/\/dcorpus-spa.com\/en\/paquetes-y-bonos\/bono-de-regalo-plan-especial-aniversario\/","title":{"rendered":"Bono de regalo | Plan especial aniversario D\u00b4Corpus Spa"},"content":{"rendered":"<p>Bono de Regalo plan especial aniversario D\u00b4Corpus Spa incluye:<\/p>\n<ul>\n<li>Piscina l\u00fadica (25 minutos): piscina tibia con diferentes estaciones de hidromasaje, donde se trabaja terap\u00e9uticamente zona lumbar, cabeza, cuello, espalda y piernas.<\/li>\n<li>Sauna o turco: .Disfruta de los beneficios del sauna o turco por 15 minutos<\/li>\n<li>Masaje craneofacial y espalda (25 minutos): Perm\u00edtete ser mimado con un masaje craneofacial y de espalda que aliviar\u00e1 tus tensiones y te dejar\u00e1 sinti\u00e9ndote renovado.<\/li>\n<li>Velo facial: Reg\u00e1lale a tu piel un tratamiento de lujo que la dejar\u00e1 radiante y suave.<\/li>\n<li>Masaje facial de cristal: relaja los m\u00fasculos faciales, estimula la circulaci\u00f3n y reduce inflamaci\u00f3n del rostro.<\/li>\n<li>Finaliza con una copa de frutas: Finaliza esta experiencia con una deliciosa copa de frutas que te har\u00e1 sentir como en un sue\u00f1o.<\/li>\n<\/ul>\n<p>Precio: $280.000 dos personas<\/p>","protected":false},"excerpt":{"rendered":"<p>\u00a19 a\u00f1os creando momentos de paz y bienestar! Celebra con nosotros con nuestro plan especial de aniversario D\u00b4Corpus Spa, incluye la piscina l\u00fadica de nuestro para\u00edso de agua, sauna o turco, masaje craneofacial y de espalda, velo facial y esferas fr\u00edas, finaliza esta experiencia con una deliciosa copa de frutas. Este plan es una combinaci\u00f3n perfecta para relajar el cuerpo y la mente.<\/p>\n<p>\u00a1Reserva ahora y d\u00e9jate mimar!<\/p>\n<p>Precio especial pareja: $280.000 las dos personas.<\/p>","protected":false},"featured_media":2837,"comment_status":"open","ping_status":"closed","template":"","meta":{"_joinchat":[]},"product_cat":[32],"product_tag":[],"giftcard-category":[],"class_list":["post-2839","product","type-product","status-publish","has-post-thumbnail","hentry","product_cat-bono-de-regalo","sales-flash-overlay","woocommerce-text-align-center","woocommerce-image-align-center","do-quantity-buttons"],"acf":[],"_links":{"self":[{"href":"https:\/\/dcorpus-spa.com\/en\/wp-json\/wp\/v2\/product\/2839","targetHints":{"allow":["GET"]}}],"collection":[{"href":"https:\/\/dcorpus-spa.com\/en\/wp-json\/wp\/v2\/product"}],"about":[{"href":"https:\/\/dcorpus-spa.com\/en\/wp-json\/wp\/v2\/types\/product"}],"replies":[{"embeddable":true,"href":"https:\/\/dcorpus-spa.com\/en\/wp-json\/wp\/v2\/comments?post=2839"}],"wp:featuredmedia":[{"embeddable":true,"href":"https:\/\/dcorpus-spa.com\/en\/wp-json\/wp\/v2\/media\/2837"}],"wp:attachment":[{"href":"https:\/\/dcorpus-spa.com\/en\/wp-json\/wp\/v2\/media?parent=2839"}],"wp:term":[{"taxonomy":"product_cat","embeddable":true,"href":"https:\/\/dcorpus-spa.com\/en\/wp-json\/wp\/v2\/product_cat?post=2839"},{"taxonomy":"product_tag","embeddable":true,"href":"https:\/\/dcorpus-spa.com\/en\/wp-json\/wp\/v2\/product_tag?post=2839"},{"taxonomy":"giftcard-category","embeddable":true,"href":"https:\/\/dcorpus-spa.com\/en\/wp-json\/wp\/v2\/giftcard-category?post=2839"}],"curies":[{"name":"wp","href":"https:\/\/api.w.org\/{rel}","templated":true}]}}