{"id":2811,"date":"2025-10-03T20:39:06","date_gmt":"2025-10-04T01:39:06","guid":{"rendered":"https:\/\/dcorpus-spa.com\/?post_type=product&#038;p=2811"},"modified":"2025-12-17T19:42:24","modified_gmt":"2025-12-18T00:42:24","slug":"bono-de-regalo-spa-dcorpus","status":"publish","type":"product","link":"https:\/\/dcorpus-spa.com\/en\/paquetes-y-bonos\/bono-de-regalo-spa-dcorpus\/","title":{"rendered":"Bono de regalo |Spa D`Corpus"},"content":{"rendered":"<p>Bono de regalo Spa D`Corpus<\/p>\n<p>Includes:<\/p>\n<ul>\n<li>Circuito de Hidroterapia (60 minutos), recorrido completo por nuestro para\u00edso del agua, incluye piscina climatizada de seis ciclos, sauna, turco y cama de burbujas.<\/li>\n<li>Sesi\u00f3n de masaje relajante integral combinado con aromaterapia para despejar tu mente y recargar energ\u00edas(Sesi\u00f3n de 45 minutos).<\/li>\n<li>Masaje facial de crystal, ayuda a reducir inflamaci\u00f3n y mejora la circulaci\u00f3n sangu\u00ednea del rostro.<\/li>\n<li>Parfait de frutas<\/li>\n<\/ul>\n<h5><strong>Duration: 2 hours\u00a0<\/strong><\/h5>\n<h5><strong> persona $270.000 \/\u00a0 \u00a0Valor Pareja $510.000<\/strong><\/h5>","protected":false},"excerpt":{"rendered":"<p>\u00bfBuscas un regalo especial para ti o alguien m\u00e1s? Nuestro tratamiento Spa D`Corpus es la opci\u00f3n perfecta, incluye Hidroterapia, masaje relajante, y masaje facial de crystal, finaliza la experiencia con un delicioso parfait de frutas.<span style=\"font-size: inherit; font-family: -apple-system, system-ui, BlinkMacSystemFont, 'Segoe UI', Helvetica, Arial, sans-serif, 'Apple Color Emoji', 'Segoe UI Emoji', 'Segoe UI Symbol';\">Book now and give yourself a moment of personal care and well-being in Dcorpus Spa!<\/span><\/p>\n<h5><strong>Duration: 2 hours\u00a0<\/strong><\/h5>\n<h5><strong> persona $270.000 \/\u00a0 \u00a0Valor Pareja $510.000<\/strong><\/h5>","protected":false},"featured_media":1861,"comment_status":"open","ping_status":"closed","template":"","meta":{"_joinchat":[]},"product_cat":[32],"product_tag":[],"giftcard-category":[],"class_list":["post-2811","product","type-product","status-publish","has-post-thumbnail","hentry","product_cat-bono-de-regalo","sales-flash-overlay","woocommerce-text-align-center","woocommerce-image-align-center","do-quantity-buttons"],"acf":[],"_links":{"self":[{"href":"https:\/\/dcorpus-spa.com\/en\/wp-json\/wp\/v2\/product\/2811","targetHints":{"allow":["GET"]}}],"collection":[{"href":"https:\/\/dcorpus-spa.com\/en\/wp-json\/wp\/v2\/product"}],"about":[{"href":"https:\/\/dcorpus-spa.com\/en\/wp-json\/wp\/v2\/types\/product"}],"replies":[{"embeddable":true,"href":"https:\/\/dcorpus-spa.com\/en\/wp-json\/wp\/v2\/comments?post=2811"}],"wp:featuredmedia":[{"embeddable":true,"href":"https:\/\/dcorpus-spa.com\/en\/wp-json\/wp\/v2\/media\/1861"}],"wp:attachment":[{"href":"https:\/\/dcorpus-spa.com\/en\/wp-json\/wp\/v2\/media?parent=2811"}],"wp:term":[{"taxonomy":"product_cat","embeddable":true,"href":"https:\/\/dcorpus-spa.com\/en\/wp-json\/wp\/v2\/product_cat?post=2811"},{"taxonomy":"product_tag","embeddable":true,"href":"https:\/\/dcorpus-spa.com\/en\/wp-json\/wp\/v2\/product_tag?post=2811"},{"taxonomy":"giftcard-category","embeddable":true,"href":"https:\/\/dcorpus-spa.com\/en\/wp-json\/wp\/v2\/giftcard-category?post=2811"}],"curies":[{"name":"wp","href":"https:\/\/api.w.org\/{rel}","templated":true}]}}