{"id":2785,"date":"2025-09-16T11:16:50","date_gmt":"2025-09-16T16:16:50","guid":{"rendered":"https:\/\/dcorpus-spa.com\/?post_type=product&#038;p=2785"},"modified":"2026-02-05T22:04:04","modified_gmt":"2026-02-06T03:04:04","slug":"spa-dcorpus","status":"publish","type":"product","link":"https:\/\/dcorpus-spa.com\/en\/paquetes-y-bonos\/spa-dcorpus\/","title":{"rendered":"Spa D`Corpus"},"content":{"rendered":"<p>Necesitas un descanso? Nuestro tratamiento es el perfecto remedio para aliviar el estr\u00e9s, Spa D`Corpus incluye:<\/p>\n<ul>\n<li>Circuito de Hidroterapia (60 minutos), recorrido completo por nuestro para\u00edso del agua, incluye piscina climatizada de seis ciclos, sauna, turco y cama de burbujas.<\/li>\n<li>Sesi\u00f3n de masaje relajante integral combinado con aromaterapia para despejar tu mente y recargar energ\u00edas(Sesi\u00f3n de 45 minutos).<\/li>\n<li>Masaje facial de crystal, ayuda a reducir inflamaci\u00f3n y mejora la circulaci\u00f3n sangu\u00ednea del rostro.<\/li>\n<li>Parfait de frutas<\/li>\n<\/ul>\n<h5><strong>Duration: 2 hours\u00a0<\/strong><\/h5>\n<h5><strong> persona $270.000 \/\u00a0 \u00a0Valor Pareja $510.000<\/strong><\/h5>","protected":false},"excerpt":{"rendered":"<p>D\u00e9jate llevar por la relajaci\u00f3n y bienestar con nuestro plan Spa D`Corpus. Hidroterapia, masaje relajante, y masaje facial de crystal, finaliza la experiencia con un delicioso parfait de frutas.<span style=\"font-size: inherit; font-family: -apple-system, system-ui, BlinkMacSystemFont, 'Segoe UI', Helvetica, Arial, sans-serif, 'Apple Color Emoji', 'Segoe UI Emoji', 'Segoe UI Symbol';\">Book now and give yourself a moment of personal care and well-being in Dcorpus Spa!<\/span><\/p>\n<h5><strong>Duration: 2 hours\u00a0<\/strong><\/h5>\n<h5><strong> persona $270.000 \/\u00a0 \u00a0Valor Pareja $510.000<\/strong><\/h5>","protected":false},"featured_media":1860,"comment_status":"open","ping_status":"closed","template":"","meta":{"_joinchat":{"view":"yes"}},"product_cat":[33],"product_tag":[],"giftcard-category":[],"class_list":["post-2785","product","type-product","status-publish","has-post-thumbnail","hentry","product_cat-terapias-de-relajacion-en-cali","sales-flash-overlay","woocommerce-text-align-center","woocommerce-image-align-center","do-quantity-buttons"],"acf":[],"_links":{"self":[{"href":"https:\/\/dcorpus-spa.com\/en\/wp-json\/wp\/v2\/product\/2785","targetHints":{"allow":["GET"]}}],"collection":[{"href":"https:\/\/dcorpus-spa.com\/en\/wp-json\/wp\/v2\/product"}],"about":[{"href":"https:\/\/dcorpus-spa.com\/en\/wp-json\/wp\/v2\/types\/product"}],"replies":[{"embeddable":true,"href":"https:\/\/dcorpus-spa.com\/en\/wp-json\/wp\/v2\/comments?post=2785"}],"wp:featuredmedia":[{"embeddable":true,"href":"https:\/\/dcorpus-spa.com\/en\/wp-json\/wp\/v2\/media\/1860"}],"wp:attachment":[{"href":"https:\/\/dcorpus-spa.com\/en\/wp-json\/wp\/v2\/media?parent=2785"}],"wp:term":[{"taxonomy":"product_cat","embeddable":true,"href":"https:\/\/dcorpus-spa.com\/en\/wp-json\/wp\/v2\/product_cat?post=2785"},{"taxonomy":"product_tag","embeddable":true,"href":"https:\/\/dcorpus-spa.com\/en\/wp-json\/wp\/v2\/product_tag?post=2785"},{"taxonomy":"giftcard-category","embeddable":true,"href":"https:\/\/dcorpus-spa.com\/en\/wp-json\/wp\/v2\/giftcard-category?post=2785"}],"curies":[{"name":"wp","href":"https:\/\/api.w.org\/{rel}","templated":true}]}}