{"id":2671,"date":"2025-06-13T17:25:40","date_gmt":"2025-06-13T22:25:40","guid":{"rendered":"https:\/\/dcorpus-spa.com\/?post_type=product&#038;p=2671"},"modified":"2025-06-13T17:35:31","modified_gmt":"2025-06-13T22:35:31","slug":"bono-de-regalo-spa-para-el-mejor-papa","status":"publish","type":"product","link":"https:\/\/dcorpus-spa.com\/en\/paquetes-y-bonos\/bono-de-regalo-spa-para-el-mejor-papa\/","title":{"rendered":"Bono de regalo |Spa para el mejor pap\u00e1"},"content":{"rendered":"<p>Spa para el mejor pap\u00e1<\/p>\n<p>Includes:<\/p>\n<ul>\n<li style=\"list-style-type: none;\">\n<ul>\n<li>zona de sauna o turco (15 mins)<\/li>\n<li>Sesi\u00f3n de masaje relajante descontracturante es un masaje de presi\u00f3n fuerte dirigido a zonas espec\u00edficas del cuerpo que sufren mayor tensi\u00f3n y dolor, como cuello, espalda y \u00e1rea lumbar, logrando mejorar su movilidad y elasticidad. (Sesi\u00f3n de 1 hr con musicoterapia y aromaterapia)<\/li>\n<li>Deep cleansing facial (Session 1 hr)<br \/>\n&#8211; Higienizaci\u00f3n<br \/>\n&#8211; Exfoliaci\u00f3n<br \/>\n-Vapor ozono<br \/>\n-Extracci\u00f3n de impurezas<br \/>\n-Alta Frecuencia<br \/>\n-Mascarilla hidratante<br \/>\n-Exfoliaci\u00f3n de labios<br \/>\n-Serum hidratante<br \/>\n-Reparador de labios<br \/>\n-Masaje facial<\/li>\n<li>Cerveza Nacional o jugo natural<\/li>\n<\/ul>\n<\/li>\n<\/ul>\n<h4><strong>Pap\u00e1 $3300.000 &#8211; Pareja $560.000<\/strong><\/h4>","protected":false},"excerpt":{"rendered":"<p>Regala un d\u00eda de spa para el mejor pap\u00e1. Este plan incluye sauna o turco, masaje descontracturante, limpieza facial y finaliza con una cerveza nacional refrescante.<\/p>\n<p>\u00a1Un regalo de total bienestar para pap\u00e1!<\/p>\n<p>&nbsp;<\/p>","protected":false},"featured_media":1896,"comment_status":"open","ping_status":"closed","template":"","meta":{"_joinchat":[]},"product_cat":[32],"product_tag":[],"giftcard-category":[],"class_list":["post-2671","product","type-product","status-publish","has-post-thumbnail","hentry","product_cat-bono-de-regalo","sales-flash-overlay","woocommerce-text-align-center","woocommerce-image-align-center","do-quantity-buttons"],"acf":[],"_links":{"self":[{"href":"https:\/\/dcorpus-spa.com\/en\/wp-json\/wp\/v2\/product\/2671","targetHints":{"allow":["GET"]}}],"collection":[{"href":"https:\/\/dcorpus-spa.com\/en\/wp-json\/wp\/v2\/product"}],"about":[{"href":"https:\/\/dcorpus-spa.com\/en\/wp-json\/wp\/v2\/types\/product"}],"replies":[{"embeddable":true,"href":"https:\/\/dcorpus-spa.com\/en\/wp-json\/wp\/v2\/comments?post=2671"}],"wp:featuredmedia":[{"embeddable":true,"href":"https:\/\/dcorpus-spa.com\/en\/wp-json\/wp\/v2\/media\/1896"}],"wp:attachment":[{"href":"https:\/\/dcorpus-spa.com\/en\/wp-json\/wp\/v2\/media?parent=2671"}],"wp:term":[{"taxonomy":"product_cat","embeddable":true,"href":"https:\/\/dcorpus-spa.com\/en\/wp-json\/wp\/v2\/product_cat?post=2671"},{"taxonomy":"product_tag","embeddable":true,"href":"https:\/\/dcorpus-spa.com\/en\/wp-json\/wp\/v2\/product_tag?post=2671"},{"taxonomy":"giftcard-category","embeddable":true,"href":"https:\/\/dcorpus-spa.com\/en\/wp-json\/wp\/v2\/giftcard-category?post=2671"}],"curies":[{"name":"wp","href":"https:\/\/api.w.org\/{rel}","templated":true}]}}