{"id":2667,"date":"2025-06-13T15:52:19","date_gmt":"2025-06-13T20:52:19","guid":{"rendered":"https:\/\/dcorpus-spa.com\/?post_type=product&#038;p=2667"},"modified":"2025-06-13T16:32:33","modified_gmt":"2025-06-13T21:32:33","slug":"bono-de-regalo-spa-ritual-relajacion-papa","status":"publish","type":"product","link":"https:\/\/dcorpus-spa.com\/en\/paquetes-y-bonos\/bono-de-regalo-spa-ritual-relajacion-papa\/","title":{"rendered":"Bono de regalo | Spa Ritual relajaci\u00f3n pap\u00e1"},"content":{"rendered":"<p>Regala un d\u00eda de spa para pap\u00e1, con nuestro Ritual Relajaci\u00f3n Pap\u00e1.\u00a0 Una experiencia \u00fanica que combina tratamientos revitalizantes y momentos de tranquilidad para que pap\u00e1 se sienta valorado y relajado.<\/p>\n<p>Includes:<\/p>\n<p>&#8211; Sesi\u00f3n de sauna o ba\u00f1o turco para eliminar toxinas y relajar el cuerpo<br \/>\n&#8211; Masaje relajante para aliviar la tensi\u00f3n muscular y promover la tranquilidad mental<br \/>\n&#8211; Bambuterapia para masajear profundamente los m\u00fasculos y mejorar la circulaci\u00f3n<br \/>\n&#8211; Un delicioso coctel o refrescante bebida natural para completar la experiencia<\/p>\n<p>Este plan es el regalo perfecto para que pap\u00e1 se sienta valorado y relajado. \u00a1Adquiere tu bono de regalo para pap\u00e1 !<\/p>\n<p><strong>Individual price $180.000<\/strong><\/p>\n<p>&nbsp;<\/p>","protected":false},"excerpt":{"rendered":"<p>Bono de regalo, Ritual relajaci\u00f3n pap\u00e1<\/p>\n<p>Includes:<\/p>\n<p>&#8211; Sesi\u00f3n de sauna o ba\u00f1o turco para eliminar toxinas y relajar el cuerpo<br \/>\n&#8211; Masaje relajante para aliviar la tensi\u00f3n muscular y promover la tranquilidad mental<br \/>\n&#8211; Bambuterapia para masajear profundamente los m\u00fasculos y mejorar la circulaci\u00f3n<br \/>\n&#8211; Un delicioso coctel o refrescante bebida natural para completar la experiencia<\/p>\n<p><strong>Individual price: $180.000<\/strong><\/p>\n<p>Regala a pap\u00e1 una experiencia \u00fanica que combina tratamientos revitalizantes y momentos de tranquilidad<\/p>","protected":false},"featured_media":2618,"comment_status":"open","ping_status":"closed","template":"","meta":{"_joinchat":[]},"product_cat":[32],"product_tag":[],"giftcard-category":[],"class_list":["post-2667","product","type-product","status-publish","has-post-thumbnail","hentry","product_cat-bono-de-regalo","sales-flash-overlay","woocommerce-text-align-center","woocommerce-image-align-center","do-quantity-buttons"],"acf":[],"_links":{"self":[{"href":"https:\/\/dcorpus-spa.com\/en\/wp-json\/wp\/v2\/product\/2667","targetHints":{"allow":["GET"]}}],"collection":[{"href":"https:\/\/dcorpus-spa.com\/en\/wp-json\/wp\/v2\/product"}],"about":[{"href":"https:\/\/dcorpus-spa.com\/en\/wp-json\/wp\/v2\/types\/product"}],"replies":[{"embeddable":true,"href":"https:\/\/dcorpus-spa.com\/en\/wp-json\/wp\/v2\/comments?post=2667"}],"wp:featuredmedia":[{"embeddable":true,"href":"https:\/\/dcorpus-spa.com\/en\/wp-json\/wp\/v2\/media\/2618"}],"wp:attachment":[{"href":"https:\/\/dcorpus-spa.com\/en\/wp-json\/wp\/v2\/media?parent=2667"}],"wp:term":[{"taxonomy":"product_cat","embeddable":true,"href":"https:\/\/dcorpus-spa.com\/en\/wp-json\/wp\/v2\/product_cat?post=2667"},{"taxonomy":"product_tag","embeddable":true,"href":"https:\/\/dcorpus-spa.com\/en\/wp-json\/wp\/v2\/product_tag?post=2667"},{"taxonomy":"giftcard-category","embeddable":true,"href":"https:\/\/dcorpus-spa.com\/en\/wp-json\/wp\/v2\/giftcard-category?post=2667"}],"curies":[{"name":"wp","href":"https:\/\/api.w.org\/{rel}","templated":true}]}}