{"id":255,"date":"2022-08-23T07:43:53","date_gmt":"2022-08-23T12:43:53","guid":{"rendered":"https:\/\/dcorpus-spa.com\/?post_type=product&#038;p=255"},"modified":"2026-03-20T10:54:14","modified_gmt":"2026-03-20T15:54:14","slug":"spa-bano-de-luna","status":"publish","type":"product","link":"https:\/\/dcorpus-spa.com\/en\/paquetes-y-bonos\/spa-bano-de-luna\/","title":{"rendered":"Spa Bathroom Moon"},"content":{"rendered":"<h5>Spa Ba\u00f1o de Luna (Sesi\u00f3n 3 hrs)<\/h5>\n<ul>\n<li>Body scrub in steam + discoloration of the hair.<\/li>\n<li>Session of relaxing massage (session 1 hr).<\/li>\n<li>Jacuzzi de rosas. (30 minutos)<\/li>\n<li>Facial hydration.<\/li>\n<li>Masaje facial con esferas frias.<\/li>\n<li>Glass of wine or fresh fruit.<\/li>\n<\/ul>\n<h5><strong>Precio una persona $320.000<\/strong><\/h5>\n<h5><strong>Precio dos personas $530.000<\/strong><\/h5>","protected":false},"excerpt":{"rendered":"<p>Get ready for your special day and immerse yourself in an experience of total relaxation, with the <strong>Spa Bathroom Moon<\/strong>. Disfruta de una sesi\u00f3n de 3 horas de total relajaci\u00f3n, ideal para quedar renovada y lista para tu gran d\u00eda. Incluye exfoliaci\u00f3n corporal en turco, decoloraci\u00f3n de vellos, un masaje relajante de 1 hora,\u00a0 hidrataci\u00f3n facial, masaje facial con esferas fr\u00edas. Finaliza con una copa de vino o un mousse de frutas para completar la experiencia.<\/p>\n<p><strong>Precio una persona: $320.000<\/strong><br \/>\n<strong>Precio para dos personas: $530.000<\/strong><\/p>\n<p>&nbsp;<\/p>","protected":false},"featured_media":375,"comment_status":"open","ping_status":"closed","template":"","meta":{"_joinchat":[]},"product_cat":[36],"product_tag":[],"giftcard-category":[],"class_list":["post-255","product","type-product","status-publish","has-post-thumbnail","hentry","product_cat-planes-especiales-cali","sales-flash-overlay","woocommerce-text-align-center","woocommerce-image-align-center","do-quantity-buttons"],"acf":[],"_links":{"self":[{"href":"https:\/\/dcorpus-spa.com\/en\/wp-json\/wp\/v2\/product\/255","targetHints":{"allow":["GET"]}}],"collection":[{"href":"https:\/\/dcorpus-spa.com\/en\/wp-json\/wp\/v2\/product"}],"about":[{"href":"https:\/\/dcorpus-spa.com\/en\/wp-json\/wp\/v2\/types\/product"}],"replies":[{"embeddable":true,"href":"https:\/\/dcorpus-spa.com\/en\/wp-json\/wp\/v2\/comments?post=255"}],"wp:featuredmedia":[{"embeddable":true,"href":"https:\/\/dcorpus-spa.com\/en\/wp-json\/wp\/v2\/media\/375"}],"wp:attachment":[{"href":"https:\/\/dcorpus-spa.com\/en\/wp-json\/wp\/v2\/media?parent=255"}],"wp:term":[{"taxonomy":"product_cat","embeddable":true,"href":"https:\/\/dcorpus-spa.com\/en\/wp-json\/wp\/v2\/product_cat?post=255"},{"taxonomy":"product_tag","embeddable":true,"href":"https:\/\/dcorpus-spa.com\/en\/wp-json\/wp\/v2\/product_tag?post=255"},{"taxonomy":"giftcard-category","embeddable":true,"href":"https:\/\/dcorpus-spa.com\/en\/wp-json\/wp\/v2\/giftcard-category?post=255"}],"curies":[{"name":"wp","href":"https:\/\/api.w.org\/{rel}","templated":true}]}}