{"id":2155,"date":"2024-12-05T17:52:41","date_gmt":"2024-12-05T22:52:41","guid":{"rendered":"https:\/\/dcorpus-spa.com\/?post_type=product&#038;p=2155"},"modified":"2025-11-10T17:45:56","modified_gmt":"2025-11-10T22:45:56","slug":"bono-de-regalo-san-valentin","status":"publish","type":"product","link":"https:\/\/dcorpus-spa.com\/en\/paquetes-y-bonos\/bono-de-regalo-san-valentin\/","title":{"rendered":"Bono de regalo | Relajaci\u00f3n navide\u00f1a"},"content":{"rendered":"<p>Bono de Regalo Relajaci\u00f3n Navide\u00f1a Incluye:<\/p>\n<ul>\n<li><strong>Hydrotherapy circuit (60 minutes):<\/strong>\n<ul>\n<li><strong>Pool of Six Cycles:<\/strong> Disfruta de una piscina de agua tibia con mini-jets de masaje que alivian la tensi\u00f3n en puntos clave de tu cuerpo.<\/li>\n<li><strong>Steam, Sauna and swimming Pool Bed of Bubbles:<\/strong> A complete tour to purify and revitalize your body and mind.<\/li>\n<\/ul>\n<\/li>\n<li><strong>Relaxing massage (45 minutes):<\/strong> A massage integral combined with aromatherapy to clear your mind and recharge your energy.<\/li>\n<li><b>Piedras calientes, <\/b>para alivia el estr\u00e9s y la tensi\u00f3n muscular<\/li>\n<li><strong>Masaje facial de cristal<\/strong>, ayuda a reducir inflamaci\u00f3n y mejora la circulaci\u00f3n sangu\u00ednea del rostro.<\/li>\n<li><strong>Parfait de frutas:<\/strong> Finaliza tu experiencia con delicioso parfait de frutas.<\/li>\n<\/ul>\n<p><strong>Precio una persona: $270.000 pesos <\/strong><\/p>\n<p><strong>Precio especial dos personas: 480.000<\/strong><\/p>","protected":false},"excerpt":{"rendered":"<p>Navidad es amor, relajaci\u00f3n y bienestar. Nuestro bono de regalo del plan Relajaci\u00f3n navide\u00f1a incluye circuito h\u00eddrico de 60 minutos, masaje relajante con piedras calientes, acompa\u00f1ado de musicoterapia y aromaterapia, masaje facial de cristal y finaliza con un parfait.<\/p>\n<h5><strong>Persona $270.000 &#8211; Pareja $480.000<\/strong><\/h5>","protected":false},"featured_media":1862,"comment_status":"open","ping_status":"closed","template":"","meta":{"_joinchat":{"view":"yes"}},"product_cat":[32],"product_tag":[],"giftcard-category":[],"class_list":["post-2155","product","type-product","status-publish","has-post-thumbnail","hentry","product_cat-bono-de-regalo","sales-flash-overlay","woocommerce-text-align-center","woocommerce-image-align-center","do-quantity-buttons"],"acf":[],"_links":{"self":[{"href":"https:\/\/dcorpus-spa.com\/en\/wp-json\/wp\/v2\/product\/2155","targetHints":{"allow":["GET"]}}],"collection":[{"href":"https:\/\/dcorpus-spa.com\/en\/wp-json\/wp\/v2\/product"}],"about":[{"href":"https:\/\/dcorpus-spa.com\/en\/wp-json\/wp\/v2\/types\/product"}],"replies":[{"embeddable":true,"href":"https:\/\/dcorpus-spa.com\/en\/wp-json\/wp\/v2\/comments?post=2155"}],"wp:featuredmedia":[{"embeddable":true,"href":"https:\/\/dcorpus-spa.com\/en\/wp-json\/wp\/v2\/media\/1862"}],"wp:attachment":[{"href":"https:\/\/dcorpus-spa.com\/en\/wp-json\/wp\/v2\/media?parent=2155"}],"wp:term":[{"taxonomy":"product_cat","embeddable":true,"href":"https:\/\/dcorpus-spa.com\/en\/wp-json\/wp\/v2\/product_cat?post=2155"},{"taxonomy":"product_tag","embeddable":true,"href":"https:\/\/dcorpus-spa.com\/en\/wp-json\/wp\/v2\/product_tag?post=2155"},{"taxonomy":"giftcard-category","embeddable":true,"href":"https:\/\/dcorpus-spa.com\/en\/wp-json\/wp\/v2\/giftcard-category?post=2155"}],"curies":[{"name":"wp","href":"https:\/\/api.w.org\/{rel}","templated":true}]}}