{"id":206,"date":"2022-08-22T12:57:21","date_gmt":"2022-08-22T17:57:21","guid":{"rendered":"https:\/\/dcorpus-spa.com\/?post_type=product&#038;p=206"},"modified":"2026-02-27T15:11:59","modified_gmt":"2026-02-27T20:11:59","slug":"spa-tarde-de-amigas-os-opcion-1","status":"publish","type":"product","link":"https:\/\/dcorpus-spa.com\/en\/paquetes-y-bonos\/spa-tarde-de-amigas-os-opcion-1\/","title":{"rendered":"Spa Tarde de Amigas\/os Opci\u00f3n 1"},"content":{"rendered":"<p><strong>*Note* (Groups of more than three people in front)<\/strong><\/p>\n<h5><strong>Spa Tarde de amig@s opci\u00f3n 1\u00a0<\/strong><\/h5>\n<ul>\n<li>Paradise of water (hydrotherapy circuit) Session 1 hr and 30 mins<\/li>\n<li>Pool Fun with stations hydrojet therapeutic focused on lumbar area, back, neck and legs.<\/li>\n<li>Pool bed of bubbles (Pool poor that simulates a thermal)<\/li>\n<li>Areas of sauna &amp; steam.<\/li>\n<li>Body scrub in steam + discoloration of the hair.<\/li>\n<li>Massage skull face (covering area of the head, face, neck, shoulders, and part of the chest)<\/li>\n<li>Cocktails Margaritas (with or without liquor)<\/li>\n<li>Alitas BBQ (Input to share)<\/li>\n<li>Basic decoration theme<\/li>\n<\/ul>\n<h5><strong>Valor por persona $170.000<\/strong><\/h5>\n<h5><strong>Duration: Approx. 2 hrs 30min<\/strong><\/h5>","protected":false},"excerpt":{"rendered":"<p>Un oasis de relajaci\u00f3n en Cali para que celebres con amigas esos momentos especiales, despedidas de soltera, cumplea\u00f1os, reencuentros, o simplemente una tarde divertida. Este plan spa tarde de amigas combina relajaci\u00f3n y diversi\u00f3n con un circuito de hidroterapia, tratamientos revitalizantes, c\u00f3cteles y unas deliciosas alitas bbq, todo en un ambiente acogedor y decorado para la ocasi\u00f3n.<\/p>\n<p>It&#039;s the perfect way to enjoy and create unforgettable memories!<\/p>\n<p><strong>Valor por persona: $170.000<\/strong><\/p>","protected":false},"featured_media":356,"comment_status":"open","ping_status":"closed","template":"","meta":{"_joinchat":[]},"product_cat":[35],"product_tag":[],"giftcard-category":[],"class_list":["post-206","product","type-product","status-publish","has-post-thumbnail","hentry","product_cat-spa-para-grupos","sales-flash-overlay","woocommerce-text-align-center","woocommerce-image-align-center","do-quantity-buttons","wc-has-gallery"],"acf":[],"_links":{"self":[{"href":"https:\/\/dcorpus-spa.com\/en\/wp-json\/wp\/v2\/product\/206","targetHints":{"allow":["GET"]}}],"collection":[{"href":"https:\/\/dcorpus-spa.com\/en\/wp-json\/wp\/v2\/product"}],"about":[{"href":"https:\/\/dcorpus-spa.com\/en\/wp-json\/wp\/v2\/types\/product"}],"replies":[{"embeddable":true,"href":"https:\/\/dcorpus-spa.com\/en\/wp-json\/wp\/v2\/comments?post=206"}],"wp:featuredmedia":[{"embeddable":true,"href":"https:\/\/dcorpus-spa.com\/en\/wp-json\/wp\/v2\/media\/356"}],"wp:attachment":[{"href":"https:\/\/dcorpus-spa.com\/en\/wp-json\/wp\/v2\/media?parent=206"}],"wp:term":[{"taxonomy":"product_cat","embeddable":true,"href":"https:\/\/dcorpus-spa.com\/en\/wp-json\/wp\/v2\/product_cat?post=206"},{"taxonomy":"product_tag","embeddable":true,"href":"https:\/\/dcorpus-spa.com\/en\/wp-json\/wp\/v2\/product_tag?post=206"},{"taxonomy":"giftcard-category","embeddable":true,"href":"https:\/\/dcorpus-spa.com\/en\/wp-json\/wp\/v2\/giftcard-category?post=206"}],"curies":[{"name":"wp","href":"https:\/\/api.w.org\/{rel}","templated":true}]}}