{"id":2046,"date":"2024-09-23T12:41:44","date_gmt":"2024-09-23T17:41:44","guid":{"rendered":"https:\/\/dcorpus-spa.com\/?post_type=product&#038;p=2046"},"modified":"2024-09-30T11:28:52","modified_gmt":"2024-09-30T16:28:52","slug":"micropigmentacion-de-cejas","status":"publish","type":"product","link":"https:\/\/dcorpus-spa.com\/en\/paquetes-y-bonos\/micropigmentacion-de-cejas\/","title":{"rendered":"Micropigmentaci\u00f3n de cejas"},"content":{"rendered":"<p>Ideal para quienes tienen <strong>cejas delgadas, irregulares o poco definidas<\/strong>, este procedimiento te asegura <strong>resultados duraderos<\/strong> y un acabado impecable. \u00a1Desp\u00eddete del retoque diario y disfruta de una mirada m\u00e1s expresiva y armoniosa!<\/p>","protected":false},"excerpt":{"rendered":"<p>Obt\u00e9n unas cejas perfectamente definidas y naturales con nuestra micropigmentaci\u00f3n de cejas. A trav\u00e9s de una t\u00e9cnica avanzada de pigmentaci\u00f3n, creamos un dise\u00f1o personalizado que resalta tu rostro y mejora la simetr\u00eda, forma y el color de tus cejas, realzando tu mirada. Cejas dise\u00f1adas a medida para realzar tu belleza y ahorrar tiempo en tu rutina diaria. \u00a1Descubre la soluci\u00f3n ideal para cejas delgadas o irregulares!<\/p>","protected":false},"featured_media":2058,"comment_status":"open","ping_status":"closed","template":"","meta":{"_joinchat":[]},"product_cat":[39],"product_tag":[],"giftcard-category":[],"class_list":["post-2046","product","type-product","status-publish","has-post-thumbnail","hentry","product_cat-spa-facial","sales-flash-overlay","woocommerce-text-align-center","woocommerce-image-align-center","do-quantity-buttons","wc-has-gallery"],"acf":[],"_links":{"self":[{"href":"https:\/\/dcorpus-spa.com\/en\/wp-json\/wp\/v2\/product\/2046","targetHints":{"allow":["GET"]}}],"collection":[{"href":"https:\/\/dcorpus-spa.com\/en\/wp-json\/wp\/v2\/product"}],"about":[{"href":"https:\/\/dcorpus-spa.com\/en\/wp-json\/wp\/v2\/types\/product"}],"replies":[{"embeddable":true,"href":"https:\/\/dcorpus-spa.com\/en\/wp-json\/wp\/v2\/comments?post=2046"}],"wp:featuredmedia":[{"embeddable":true,"href":"https:\/\/dcorpus-spa.com\/en\/wp-json\/wp\/v2\/media\/2058"}],"wp:attachment":[{"href":"https:\/\/dcorpus-spa.com\/en\/wp-json\/wp\/v2\/media?parent=2046"}],"wp:term":[{"taxonomy":"product_cat","embeddable":true,"href":"https:\/\/dcorpus-spa.com\/en\/wp-json\/wp\/v2\/product_cat?post=2046"},{"taxonomy":"product_tag","embeddable":true,"href":"https:\/\/dcorpus-spa.com\/en\/wp-json\/wp\/v2\/product_tag?post=2046"},{"taxonomy":"giftcard-category","embeddable":true,"href":"https:\/\/dcorpus-spa.com\/en\/wp-json\/wp\/v2\/giftcard-category?post=2046"}],"curies":[{"name":"wp","href":"https:\/\/api.w.org\/{rel}","templated":true}]}}