{"id":2044,"date":"2024-09-23T12:21:04","date_gmt":"2024-09-23T17:21:04","guid":{"rendered":"https:\/\/dcorpus-spa.com\/?post_type=product&#038;p=2044"},"modified":"2024-12-06T13:14:52","modified_gmt":"2024-12-06T18:14:52","slug":"lifting-de-pestanas","status":"publish","type":"product","link":"https:\/\/dcorpus-spa.com\/en\/paquetes-y-bonos\/lifting-de-pestanas\/","title":{"rendered":"Lifting de pesta\u00f1as"},"content":{"rendered":"<p>Nuestro tratamiento de lifting de pesta\u00f1as es un procedimiento no invasivo y completamente seguro. Nuestras expertas en belleza te guiar\u00e1n a trav\u00e9s del proceso, que incluye:<\/p>\n<p>1. Limpieza y preparaci\u00f3n de las pesta\u00f1as<br \/>\n2. Aplicaci\u00f3n de un tratamiento especial para levantar y curvar las pesta\u00f1as<br \/>\n3. Fijaci\u00f3n de las pesta\u00f1as en su nueva posici\u00f3n<\/p>\n<p>Con el lifting de pesta\u00f1as se puede lograr que tus ojos se vean m\u00e1s grandes y expresivos; con resultados que pueden durar hasta 6-8 semanas.<\/p>","protected":false},"excerpt":{"rendered":"<p>Realza la belleza natural de tus ojos con nuestro servicio de lifting de pesta\u00f1as, eleva y curva tus pesta\u00f1as sin necesidad de extensiones. Luce pesta\u00f1as m\u00e1s largas y definidas de forma natural durante semanas. Este tratamiento es perfecto para quienes buscan unas pesta\u00f1as rizadas y voluminosas sin recurrir al uso de m\u00e1scaras.<\/p>\n<p>Precio: $70.000<\/p>","protected":false},"featured_media":2045,"comment_status":"open","ping_status":"closed","template":"","meta":{"_joinchat":[]},"product_cat":[39],"product_tag":[],"giftcard-category":[],"class_list":["post-2044","product","type-product","status-publish","has-post-thumbnail","hentry","product_cat-spa-facial","sales-flash-overlay","woocommerce-text-align-center","woocommerce-image-align-center","do-quantity-buttons"],"acf":[],"_links":{"self":[{"href":"https:\/\/dcorpus-spa.com\/en\/wp-json\/wp\/v2\/product\/2044","targetHints":{"allow":["GET"]}}],"collection":[{"href":"https:\/\/dcorpus-spa.com\/en\/wp-json\/wp\/v2\/product"}],"about":[{"href":"https:\/\/dcorpus-spa.com\/en\/wp-json\/wp\/v2\/types\/product"}],"replies":[{"embeddable":true,"href":"https:\/\/dcorpus-spa.com\/en\/wp-json\/wp\/v2\/comments?post=2044"}],"wp:featuredmedia":[{"embeddable":true,"href":"https:\/\/dcorpus-spa.com\/en\/wp-json\/wp\/v2\/media\/2045"}],"wp:attachment":[{"href":"https:\/\/dcorpus-spa.com\/en\/wp-json\/wp\/v2\/media?parent=2044"}],"wp:term":[{"taxonomy":"product_cat","embeddable":true,"href":"https:\/\/dcorpus-spa.com\/en\/wp-json\/wp\/v2\/product_cat?post=2044"},{"taxonomy":"product_tag","embeddable":true,"href":"https:\/\/dcorpus-spa.com\/en\/wp-json\/wp\/v2\/product_tag?post=2044"},{"taxonomy":"giftcard-category","embeddable":true,"href":"https:\/\/dcorpus-spa.com\/en\/wp-json\/wp\/v2\/giftcard-category?post=2044"}],"curies":[{"name":"wp","href":"https:\/\/api.w.org\/{rel}","templated":true}]}}