{"id":202,"date":"2022-10-23T17:05:07","date_gmt":"2022-10-23T22:05:07","guid":{"rendered":"https:\/\/dcorpus-spa.com\/?post_type=product&#038;p=202"},"modified":"2025-12-16T21:23:47","modified_gmt":"2025-12-17T02:23:47","slug":"spa-cena","status":"publish","type":"product","link":"https:\/\/dcorpus-spa.com\/en\/paquetes-y-bonos\/spa-cena\/","title":{"rendered":"Spa &amp; Dinner"},"content":{"rendered":"<p>The Spa &amp; Dinner includes:<\/p>\n<ul>\n<li>Cabin decorated with rose petals and candles<\/li>\n<li>Session of relaxing massage with bambuterapia, music therapy and aromatherapy. (1-hour session)<\/li>\n<li>Private Jacuzzi decorated with rose petals and candles + wine glasses<\/li>\n<li>Romantic dinner for two in Solarium Terrace. (Two entrees + two natural drinks of your choice, includes table decor)<\/li>\n<\/ul>\n<p><strong style=\"font-family: inherit; font-size: 20px; font-style: inherit;\">Duration: 2 hours and 30 minutes<\/strong><\/p>\n<p><strong style=\"font-family: inherit; font-size: 20px; font-style: inherit;\">Valor Pareja $460.000<\/strong><\/p>","protected":false},"excerpt":{"rendered":"<p>Disfruta de una experiencia de bienestar y romance con nuestro exclusivo plan de spa para parejas &#8220;Spa &amp; Cena&#8221;. Disfruta de un masaje relajante de bambuterapia y m\u00fasica suave, seguido de 30 minutos en nuestro jacuzzi privado, decorado con p\u00e9talos y velas acompa\u00f1ados de dos copas de vino. Luego deleita tu paladar con una cena rom\u00e1ntica para dos en nuestra terraza, con platos exquisitos y bebidas naturales a elecci\u00f3n.<\/p>\n<p>Book now for an unforgettable evening!<\/p>\n<p><strong style=\"font-family: inherit; font-size: 20px; font-style: inherit;\">Duration: 2 hours and 30 minutes<\/strong><\/p>\n<p><strong style=\"font-family: inherit; font-size: 20px; font-style: inherit;\">Valor Pareja $460.000<\/strong><\/p>","protected":false},"featured_media":1855,"comment_status":"open","ping_status":"closed","template":"","meta":{"_joinchat":[]},"product_cat":[34],"product_tag":[],"giftcard-category":[],"class_list":["post-202","product","type-product","status-publish","has-post-thumbnail","hentry","product_cat-spa-para-parejas","sales-flash-overlay","woocommerce-text-align-center","woocommerce-image-align-center","do-quantity-buttons"],"acf":[],"_links":{"self":[{"href":"https:\/\/dcorpus-spa.com\/en\/wp-json\/wp\/v2\/product\/202","targetHints":{"allow":["GET"]}}],"collection":[{"href":"https:\/\/dcorpus-spa.com\/en\/wp-json\/wp\/v2\/product"}],"about":[{"href":"https:\/\/dcorpus-spa.com\/en\/wp-json\/wp\/v2\/types\/product"}],"replies":[{"embeddable":true,"href":"https:\/\/dcorpus-spa.com\/en\/wp-json\/wp\/v2\/comments?post=202"}],"wp:featuredmedia":[{"embeddable":true,"href":"https:\/\/dcorpus-spa.com\/en\/wp-json\/wp\/v2\/media\/1855"}],"wp:attachment":[{"href":"https:\/\/dcorpus-spa.com\/en\/wp-json\/wp\/v2\/media?parent=202"}],"wp:term":[{"taxonomy":"product_cat","embeddable":true,"href":"https:\/\/dcorpus-spa.com\/en\/wp-json\/wp\/v2\/product_cat?post=202"},{"taxonomy":"product_tag","embeddable":true,"href":"https:\/\/dcorpus-spa.com\/en\/wp-json\/wp\/v2\/product_tag?post=202"},{"taxonomy":"giftcard-category","embeddable":true,"href":"https:\/\/dcorpus-spa.com\/en\/wp-json\/wp\/v2\/giftcard-category?post=202"}],"curies":[{"name":"wp","href":"https:\/\/api.w.org\/{rel}","templated":true}]}}