{"id":1834,"date":"2024-05-17T17:08:50","date_gmt":"2024-05-17T22:08:50","guid":{"rendered":"https:\/\/dcorpus-spa.com\/?post_type=product&#038;p=1834"},"modified":"2025-12-18T10:00:57","modified_gmt":"2025-12-18T15:00:57","slug":"plan-family-spa-2","status":"publish","type":"product","link":"https:\/\/dcorpus-spa.com\/en\/paquetes-y-bonos\/plan-family-spa-2\/","title":{"rendered":"Plan Family Spa"},"content":{"rendered":"<p>Welcome to the Spa Family, where fun and relaxation are! Immerse yourself in our Paradise of the water with swimming pools, therapeutic, relax with a massage, and indulge yourself with delicious appetizers. What a unique experience for the whole family, where every moment is a smile, and every detail is designed for your well-being!<\/p>\n<p>Plan Family Spa<br \/>\nIncludes:<\/p>\n<ul>\n<li>Paradise of water (hydrotherapy circuit) Session 1 hr and 30 mins<br \/>\n\u2013 Fun pool with stations hydrojet therapeutic<br \/>\n\u2013 Swimming pool bed of bubbles (Pool poor that simulates a thermal)<br \/>\n\u2013 Areas of sauna &amp; steam.<\/li>\n<li>Body scrub in steam + choco facial<\/li>\n<li>Massage skull face (covering area of the head, face, neck, shoulders, and part of the chest)<\/li>\n<li>Natural drink<\/li>\n<li>Alitas BBQ (Input to share)<\/li>\n<li>Basic decoration theme<\/li>\n<\/ul>\n<p>Duration: _Aprox 2 hrs and 30 min<\/p>\n<h5><strong>Valor por persona $170.000<\/strong><\/h5>\n<p>Note (Groups of more than three people in front)<\/p>","protected":false},"excerpt":{"rendered":"<p>Disfruta de una experiencia \u00fanica que combina lo mejor del bienestar y la recreaci\u00f3n en un ambiente dise\u00f1ado para toda la familia con nuestro spa Family Spa. Nuestro Para\u00edso de Agua te espera con un cautivador circuito de hidroterapia que incluye la piscina l\u00fadica con hidrojets terap\u00e9uticos, una relajante piscina cama de burbujas y revitalizantes zonas de sauna y turco.<\/p>\n<p>Pamper yourself with our massage skull face, that covers from the head to the shoulders, giving you a sensation of well-being.<\/p>\n<p>Refrescate with a natural beverage while you enjoy a delicious wings BBQ as input to share with your loved ones in our Restaurant, Solarium Terrace.<\/p>\n<p>\u00a1Treat yourself to you and your family a different day with our Plan Family, where the relaxation and fun come together to create memories that will last forever!\u201d<\/p>\n<h5><strong><strong style=\"font-family: inherit; font-size: 20px; font-style: inherit;\">Duration: Approx. 2 hrs 30min<\/strong><\/strong><\/h5>\n<h5><strong>Precio por persona $170.000<\/strong><\/h5>\n<p>Note (Groups of more than three people in front)<\/p>","protected":false},"featured_media":1833,"comment_status":"open","ping_status":"closed","template":"","meta":{"_joinchat":[]},"product_cat":[35],"product_tag":[],"giftcard-category":[],"class_list":["post-1834","product","type-product","status-publish","has-post-thumbnail","hentry","product_cat-spa-para-grupos","sales-flash-overlay","woocommerce-text-align-center","woocommerce-image-align-center","do-quantity-buttons"],"acf":[],"_links":{"self":[{"href":"https:\/\/dcorpus-spa.com\/en\/wp-json\/wp\/v2\/product\/1834","targetHints":{"allow":["GET"]}}],"collection":[{"href":"https:\/\/dcorpus-spa.com\/en\/wp-json\/wp\/v2\/product"}],"about":[{"href":"https:\/\/dcorpus-spa.com\/en\/wp-json\/wp\/v2\/types\/product"}],"replies":[{"embeddable":true,"href":"https:\/\/dcorpus-spa.com\/en\/wp-json\/wp\/v2\/comments?post=1834"}],"wp:featuredmedia":[{"embeddable":true,"href":"https:\/\/dcorpus-spa.com\/en\/wp-json\/wp\/v2\/media\/1833"}],"wp:attachment":[{"href":"https:\/\/dcorpus-spa.com\/en\/wp-json\/wp\/v2\/media?parent=1834"}],"wp:term":[{"taxonomy":"product_cat","embeddable":true,"href":"https:\/\/dcorpus-spa.com\/en\/wp-json\/wp\/v2\/product_cat?post=1834"},{"taxonomy":"product_tag","embeddable":true,"href":"https:\/\/dcorpus-spa.com\/en\/wp-json\/wp\/v2\/product_tag?post=1834"},{"taxonomy":"giftcard-category","embeddable":true,"href":"https:\/\/dcorpus-spa.com\/en\/wp-json\/wp\/v2\/giftcard-category?post=1834"}],"curies":[{"name":"wp","href":"https:\/\/api.w.org\/{rel}","templated":true}]}}