{"id":1831,"date":"2024-05-17T16:20:47","date_gmt":"2024-05-17T21:20:47","guid":{"rendered":"https:\/\/dcorpus-spa.com\/?post_type=product&#038;p=1831"},"modified":"2025-12-18T10:03:58","modified_gmt":"2025-12-18T15:03:58","slug":"plan-family-spa","status":"publish","type":"product","link":"https:\/\/dcorpus-spa.com\/en\/paquetes-y-bonos\/plan-family-spa\/","title":{"rendered":"Bono de Regalo\/ Plan Family Spa"},"content":{"rendered":"<p><strong>*Note* (Groups of more than three people in front)<\/strong><\/p>\n<h5><strong>Plan Familiy Spa\u00a0<\/strong><\/h5>\n<p>Enjoy a unique experience that combines the best of wellness and recreation in an environment designed for the entire family. Our Water Paradise awaits you with a captivating hydrotherapy circuit that includes leisure pools with hydro jets therapeutic, a relaxing pool bed of bubbles and revitalizing areas of sauna and steam.<\/p>\n<p>Pamper yourself with our massage skull face, that covers from the head to the shoulders, giving you a sensation of well-being.<\/p>\n<p>Refrescate with a natural beverage while you enjoy a delicious wings BBQ as input to share with your loved ones in our Restaurant, Solarium Terrace.<\/p>\n<p>\u00a1Treat yourself to you and your family a different day with our Plan Family, where the relaxation and fun come together to create memories that will last forever!\u201d<\/p>\n<h5><strong><strong style=\"font-family: inherit; font-size: 20px; font-style: inherit;\">Duration: Approx. 2 hrs 30min<\/strong><\/strong><\/h5>\n<h5><strong>Precio por persona $170.000<\/strong><\/h5>","protected":false},"excerpt":{"rendered":"<p>&#8220;\u00a1Bienvenidos al Spa Family, donde la diversi\u00f3n y el relax se encuentran! Sum\u00e9rgete en nuestro Para\u00edso del agua con piscinas terap\u00e9uticas, rel\u00e1jate con un masaje y del\u00e9itate con aperitivos deliciosos. \u00a1Una experiencia \u00fanica para toda la familia, donde cada momento es una sonrisa y cada detalle est\u00e1 pensado para tu bienestar!&#8221;<\/p>\n<p>Plan Family Spa<br \/>\nIncludes:<\/p>\n<ul>\n<li>Paradise of water (hydrotherapy circuit) Session 1 hr and 30 mins<br \/>\n\u2013 Fun pool with stations hydrojet therapeutic<br \/>\n\u2013 Swimming pool bed of bubbles (Pool poor that simulates a thermal)<br \/>\n\u2013 Areas of sauna &amp; steam.<\/li>\n<li>Body scrub in steam + choco facial<\/li>\n<li>Massage skull face (covering area of the head, face, neck, shoulders, and part of the chest)<\/li>\n<li>Natural drink<\/li>\n<li>Alitas BBQ (Input to share)<\/li>\n<li>Basic decoration theme<\/li>\n<\/ul>\n<p>Duration: _Aprox 2 hrs and 30 min<\/p>\n<h5><strong>Valor por persona $170.000<\/strong><\/h5>\n<p>Note (Groups of more than three people in front)<\/p>","protected":false},"featured_media":1833,"comment_status":"open","ping_status":"closed","template":"","meta":{"_joinchat":[]},"product_cat":[32],"product_tag":[],"giftcard-category":[],"class_list":["post-1831","product","type-product","status-publish","has-post-thumbnail","hentry","product_cat-bono-de-regalo","sales-flash-overlay","woocommerce-text-align-center","woocommerce-image-align-center","do-quantity-buttons"],"acf":[],"_links":{"self":[{"href":"https:\/\/dcorpus-spa.com\/en\/wp-json\/wp\/v2\/product\/1831","targetHints":{"allow":["GET"]}}],"collection":[{"href":"https:\/\/dcorpus-spa.com\/en\/wp-json\/wp\/v2\/product"}],"about":[{"href":"https:\/\/dcorpus-spa.com\/en\/wp-json\/wp\/v2\/types\/product"}],"replies":[{"embeddable":true,"href":"https:\/\/dcorpus-spa.com\/en\/wp-json\/wp\/v2\/comments?post=1831"}],"wp:featuredmedia":[{"embeddable":true,"href":"https:\/\/dcorpus-spa.com\/en\/wp-json\/wp\/v2\/media\/1833"}],"wp:attachment":[{"href":"https:\/\/dcorpus-spa.com\/en\/wp-json\/wp\/v2\/media?parent=1831"}],"wp:term":[{"taxonomy":"product_cat","embeddable":true,"href":"https:\/\/dcorpus-spa.com\/en\/wp-json\/wp\/v2\/product_cat?post=1831"},{"taxonomy":"product_tag","embeddable":true,"href":"https:\/\/dcorpus-spa.com\/en\/wp-json\/wp\/v2\/product_tag?post=1831"},{"taxonomy":"giftcard-category","embeddable":true,"href":"https:\/\/dcorpus-spa.com\/en\/wp-json\/wp\/v2\/giftcard-category?post=1831"}],"curies":[{"name":"wp","href":"https:\/\/api.w.org\/{rel}","templated":true}]}}