{"id":1823,"date":"2024-05-15T14:38:07","date_gmt":"2024-05-15T19:38:07","guid":{"rendered":"https:\/\/dcorpus-spa.com\/?post_type=product&#038;p=1823"},"modified":"2024-12-06T12:16:29","modified_gmt":"2024-12-06T17:16:29","slug":"bono-de-regalo-spa-para-embarazadas-oasis-maternal","status":"publish","type":"product","link":"https:\/\/dcorpus-spa.com\/en\/paquetes-y-bonos\/bono-de-regalo-spa-para-embarazadas-oasis-maternal\/","title":{"rendered":"Bono de regalo | Spa para embarazadas Oasis Maternal"},"content":{"rendered":"<p>El bono de regalo Oasis maternal es una experiencia especialmente dise\u00f1ada para las mam\u00e1s que est\u00e1n embarazadas, donde cada detalle est\u00e1 pensado para brindarte el m\u00e1ximo confort y bienestar durante esta etapa tan especial.<\/p>\n<p>Includes:<\/p>\n<p>* Swimming pool bubble-bed (15 mins)<br \/>\n<span style=\"font-size: inherit; font-family: -apple-system, system-ui, BlinkMacSystemFont, 'Segoe UI', Helvetica, Arial, sans-serif, 'Apple Color Emoji', 'Segoe UI Emoji', 'Segoe UI Symbol';\">* Relaxing massage with drainage in legs<\/span><br \/>\n* Massage craniofacial<br \/>\n* Mouse fruit<\/p>\n<p><strong>Individual price: $180.000<\/strong><\/p>","protected":false},"excerpt":{"rendered":"<p>En este exclusivo plan de spa para embarazadas un Oasis Maternal, hemos creado una experiencia especialmente dise\u00f1ada para las mam\u00e1s que est\u00e1n embarazadas, donde cada detalle est\u00e1 pensado para brindarte el m\u00e1ximo confort y bienestar durante esta etapa tan especial.<\/p>\n<p>Includes:<\/p>\n<p>* Swimming pool bubble-bed (15 mins)<br \/>\n<span style=\"font-size: inherit; font-family: -apple-system, system-ui, BlinkMacSystemFont, 'Segoe UI', Helvetica, Arial, sans-serif, 'Apple Color Emoji', 'Segoe UI Emoji', 'Segoe UI Symbol';\">* Relaxing massage with drainage in legs<\/span><br \/>\n* Massage craniofacial<br \/>\n* Mouse fruit<\/p>\n<p><strong>Individual price: $180.000<\/strong><\/p>","protected":false},"featured_media":1819,"comment_status":"open","ping_status":"closed","template":"","meta":{"_joinchat":[]},"product_cat":[32],"product_tag":[],"giftcard-category":[],"class_list":["post-1823","product","type-product","status-publish","has-post-thumbnail","hentry","product_cat-bono-de-regalo","sales-flash-overlay","woocommerce-text-align-center","woocommerce-image-align-center","do-quantity-buttons"],"acf":[],"_links":{"self":[{"href":"https:\/\/dcorpus-spa.com\/en\/wp-json\/wp\/v2\/product\/1823","targetHints":{"allow":["GET"]}}],"collection":[{"href":"https:\/\/dcorpus-spa.com\/en\/wp-json\/wp\/v2\/product"}],"about":[{"href":"https:\/\/dcorpus-spa.com\/en\/wp-json\/wp\/v2\/types\/product"}],"replies":[{"embeddable":true,"href":"https:\/\/dcorpus-spa.com\/en\/wp-json\/wp\/v2\/comments?post=1823"}],"wp:featuredmedia":[{"embeddable":true,"href":"https:\/\/dcorpus-spa.com\/en\/wp-json\/wp\/v2\/media\/1819"}],"wp:attachment":[{"href":"https:\/\/dcorpus-spa.com\/en\/wp-json\/wp\/v2\/media?parent=1823"}],"wp:term":[{"taxonomy":"product_cat","embeddable":true,"href":"https:\/\/dcorpus-spa.com\/en\/wp-json\/wp\/v2\/product_cat?post=1823"},{"taxonomy":"product_tag","embeddable":true,"href":"https:\/\/dcorpus-spa.com\/en\/wp-json\/wp\/v2\/product_tag?post=1823"},{"taxonomy":"giftcard-category","embeddable":true,"href":"https:\/\/dcorpus-spa.com\/en\/wp-json\/wp\/v2\/giftcard-category?post=1823"}],"curies":[{"name":"wp","href":"https:\/\/api.w.org\/{rel}","templated":true}]}}