{"id":1790,"date":"2024-05-10T12:03:24","date_gmt":"2024-05-10T17:03:24","guid":{"rendered":"https:\/\/dcorpus-spa.com\/?post_type=product&#038;p=1790"},"modified":"2025-05-08T20:24:58","modified_gmt":"2025-05-09T01:24:58","slug":"bono-de-regalo-spa-madre-tierra","status":"publish","type":"product","link":"https:\/\/dcorpus-spa.com\/en\/paquetes-y-bonos\/bono-de-regalo-spa-madre-tierra\/","title":{"rendered":"Bono de regalo | Spa Madre Tierra"},"content":{"rendered":"<p>Spa Madre Tierra incluye:<\/p>\n<p>\u25aa Para\u00edso del Agua<br \/>\nSon 90 minutos donde el cuerpo podr\u00e1 distensionar los m\u00fasculos gracias a los beneficios de la hidroterapia<\/p>\n<p>\u25aa Masaje relajante con vela tibia (60 minutos)<br \/>\nMasaje con presi\u00f3n de suave a media, con vela tibia que ayuda a hidratar la piel y relajar la mente y el cuerpo.<\/p>\n<p>\u25aa Limpieza facial profunda (60 minutos)<br \/>\nHigiene y exfoliaci\u00f3n facial, vapor de ozono con extracci\u00f3n de impurezas, microdermoabrasi\u00f3n, alta frecuencia, mascarilla hidratante y sellado de tratamiento.<\/p>\n<p>\u25aa Almuerzo o cena en Solarium Terraza<br \/>\nPlato fuerte + bebida natural a elecci\u00f3n<\/p>\n<p><strong>Valor persona:\u00a0$550.000<\/strong><\/p>","protected":false},"excerpt":{"rendered":"<p>Spa Madre Tierra incluye:<\/p>\n<p>\u25aa Para\u00edso del Agua<br \/>\nSon 90 minutos donde el cuerpo podr\u00e1 distensionar los m\u00fasculos gracias a los beneficios de la hidroterapia<\/p>\n<p>\u25aa Masaje relajante con vela tibia (60 minutos)<br \/>\nMasaje con presi\u00f3n de suave a media, con vela tibia que ayuda a hidratar la piel y relajar la mente y el cuerpo.<\/p>\n<p>\u25aa Limpieza facial profunda (60 minutos)<br \/>\nHigiene y exfoliaci\u00f3n facial, vapor de ozono con extracci\u00f3n de impurezas, microdermoabrasi\u00f3n, alta frecuencia, mascarilla hidratante y sellado de tratamiento.<\/p>\n<p>\u25aa Almuerzo o cena en Solarium Terraza<br \/>\nPlato fuerte + bebida natural a elecci\u00f3n<\/p>\n<p><strong>Valor persona:\u00a0$550.000<br \/>\nValor dos personas:\u00a0$910.000<br \/>\n<\/strong><\/p>","protected":false},"featured_media":1776,"comment_status":"open","ping_status":"closed","template":"","meta":{"_joinchat":[]},"product_cat":[32],"product_tag":[],"giftcard-category":[],"class_list":["post-1790","product","type-product","status-publish","has-post-thumbnail","hentry","product_cat-bono-de-regalo","sales-flash-overlay","woocommerce-text-align-center","woocommerce-image-align-center","do-quantity-buttons"],"acf":[],"_links":{"self":[{"href":"https:\/\/dcorpus-spa.com\/en\/wp-json\/wp\/v2\/product\/1790","targetHints":{"allow":["GET"]}}],"collection":[{"href":"https:\/\/dcorpus-spa.com\/en\/wp-json\/wp\/v2\/product"}],"about":[{"href":"https:\/\/dcorpus-spa.com\/en\/wp-json\/wp\/v2\/types\/product"}],"replies":[{"embeddable":true,"href":"https:\/\/dcorpus-spa.com\/en\/wp-json\/wp\/v2\/comments?post=1790"}],"wp:featuredmedia":[{"embeddable":true,"href":"https:\/\/dcorpus-spa.com\/en\/wp-json\/wp\/v2\/media\/1776"}],"wp:attachment":[{"href":"https:\/\/dcorpus-spa.com\/en\/wp-json\/wp\/v2\/media?parent=1790"}],"wp:term":[{"taxonomy":"product_cat","embeddable":true,"href":"https:\/\/dcorpus-spa.com\/en\/wp-json\/wp\/v2\/product_cat?post=1790"},{"taxonomy":"product_tag","embeddable":true,"href":"https:\/\/dcorpus-spa.com\/en\/wp-json\/wp\/v2\/product_tag?post=1790"},{"taxonomy":"giftcard-category","embeddable":true,"href":"https:\/\/dcorpus-spa.com\/en\/wp-json\/wp\/v2\/giftcard-category?post=1790"}],"curies":[{"name":"wp","href":"https:\/\/api.w.org\/{rel}","templated":true}]}}