{"id":139,"date":"2022-08-21T10:44:00","date_gmt":"2022-08-21T15:44:00","guid":{"rendered":"https:\/\/dcorpus-spa.com\/?post_type=product&#038;p=139"},"modified":"2025-12-15T18:31:49","modified_gmt":"2025-12-15T23:31:49","slug":"masaje-relajante","status":"publish","type":"product","link":"https:\/\/dcorpus-spa.com\/en\/paquetes-y-bonos\/masaje-relajante\/","title":{"rendered":"Relaxing Massage"},"content":{"rendered":"<p>&nbsp;<\/p>\n<h5><strong>Masaje relajante<\/strong><\/h5>\n<p>Masaje de presi\u00f3n media con corrientes ayurvedas, ideal para armonizar mente, cuerpo y esp\u00edritu.<\/p>\n<p>Includes:<\/p>\n<ul>\n<li>Aromaterapia<\/li>\n<li>Musicoterpaia<\/li>\n<li>Masaje relajante corporal<\/li>\n<li>Masaje craneofacial<\/li>\n<li>Masaje podal<\/li>\n<li>Aromatic red fruits<\/li>\n<\/ul>","protected":false},"excerpt":{"rendered":"<h6>Experimenta la armon\u00eda perfecta entre mente, cuerpo y esp\u00edritu con nuestro masaje relajante, inspirado en las antiguas t\u00e9cnicas ayurv\u00e9dicas. Nuestras expertas terapeutas aplicar\u00e1n una presi\u00f3n suave y firme para aliviar la tensi\u00f3n muscular, mejorar la circulaci\u00f3n y equilibrar tus energ\u00edas. El masaje culmina con una deliciosa arom\u00e1tica de frutos rojos, envolvi\u00e9ndote en un manto de calma y serenidad.<\/h6>\n<h6>\u00a1D\u00e9jate llevar por esta experiencia sensorial y rejuvenece t\u00fa ser!<\/h6>\n<p>&nbsp;<\/p>\n<p><strong>Precio una persona $150.000<\/strong><\/p>\n<p><strong>Price for two persons: $280.000<\/strong><\/p>","protected":false},"featured_media":1842,"comment_status":"open","ping_status":"closed","template":"","meta":{"_joinchat":[]},"product_cat":[33],"product_tag":[],"giftcard-category":[],"class_list":["post-139","product","type-product","status-publish","has-post-thumbnail","hentry","product_cat-terapias-de-relajacion-en-cali","sales-flash-overlay","woocommerce-text-align-center","woocommerce-image-align-center","do-quantity-buttons"],"acf":[],"_links":{"self":[{"href":"https:\/\/dcorpus-spa.com\/en\/wp-json\/wp\/v2\/product\/139","targetHints":{"allow":["GET"]}}],"collection":[{"href":"https:\/\/dcorpus-spa.com\/en\/wp-json\/wp\/v2\/product"}],"about":[{"href":"https:\/\/dcorpus-spa.com\/en\/wp-json\/wp\/v2\/types\/product"}],"replies":[{"embeddable":true,"href":"https:\/\/dcorpus-spa.com\/en\/wp-json\/wp\/v2\/comments?post=139"}],"wp:featuredmedia":[{"embeddable":true,"href":"https:\/\/dcorpus-spa.com\/en\/wp-json\/wp\/v2\/media\/1842"}],"wp:attachment":[{"href":"https:\/\/dcorpus-spa.com\/en\/wp-json\/wp\/v2\/media?parent=139"}],"wp:term":[{"taxonomy":"product_cat","embeddable":true,"href":"https:\/\/dcorpus-spa.com\/en\/wp-json\/wp\/v2\/product_cat?post=139"},{"taxonomy":"product_tag","embeddable":true,"href":"https:\/\/dcorpus-spa.com\/en\/wp-json\/wp\/v2\/product_tag?post=139"},{"taxonomy":"giftcard-category","embeddable":true,"href":"https:\/\/dcorpus-spa.com\/en\/wp-json\/wp\/v2\/giftcard-category?post=139"}],"curies":[{"name":"wp","href":"https:\/\/api.w.org\/{rel}","templated":true}]}}