{"id":58,"date":"2022-08-20T12:25:02","date_gmt":"2022-08-20T17:25:02","guid":{"rendered":"https:\/\/dcorpus-spa.com\/carrito\/"},"modified":"2022-08-22T21:23:02","modified_gmt":"2022-08-23T02:23:02","slug":"carrito","status":"publish","type":"page","link":"https:\/\/dcorpus-spa.com\/en\/carrito\/","title":{"rendered":"Carrito"},"content":{"rendered":"<div data-elementor-type=\"wp-page\" data-elementor-id=\"58\" class=\"elementor elementor-58\">\n\t\t\t\t\t\t\t\t\t<section class=\"elementor-section elementor-top-section elementor-element elementor-element-3c283f2 elementor-section-boxed elementor-section-height-default elementor-section-height-default\" data-id=\"3c283f2\" data-element_type=\"section\">\n\t\t\t\t\t\t<div class=\"elementor-container elementor-column-gap-default\">\n\t\t\t\t\t<div class=\"elementor-column elementor-col-100 elementor-top-column elementor-element elementor-element-eb84342\" data-id=\"eb84342\" data-element_type=\"column\">\n\t\t\t<div class=\"elementor-widget-wrap elementor-element-populated\">\n\t\t\t\t\t\t\t\t\t<\/div>\n\t\t<\/div>\n\t\t\t\t\t\t\t<\/div>\n\t\t<\/section>\n\t\t\t\t\t\t\t<\/div>","protected":false},"excerpt":{"rendered":"<p>&nbsp; &nbsp; Producto Precio Cantidad Subtotal &times; Plan Cumplea\u00f1os &#8211; Opci\u00f3n 1 &#36;&nbsp;280.000 Plan Cumplea\u00f1os &#8211; Opci\u00f3n 1 cantidad &#36;&nbsp;280.000 Actualizar carrito Aplicar cup\u00f3n Totales Subtotal &#36;&nbsp;280.000 Env\u00edo Env\u00edo gratuito Enviar a Manzana 2 Casa 64 Poblado Campestre, Candelaria, Valle del Cauca, 763579. Cambiar direcci\u00f3n Selecciona un pa\u00eds\/regi\u00f3n&hellip;Afganist\u00e1nAlbaniaAlemaniaAndorraAngolaAnguillaAnt\u00e1rtidaAntigua y BarbudaArabia SauditaArgeliaArgentinaArmeniaArubaAustraliaAustriaAzerbaijanBahamasBahrainBangladeshBarbadosBelauB\u00e9lgicaBelizeBeninBermudaBhutanBielorrusiaBirmaniaBoliviaBonaire, San Eustaquio y SabaBosnia &#8230; <a title=\"Carrito\" class=\"read-more\" href=\"https:\/\/dcorpus-spa.com\/en\/carrito\/\" aria-label=\"More on Carrito\">Read more<\/a><\/p>","protected":false},"author":1,"featured_media":0,"parent":0,"menu_order":0,"comment_status":"closed","ping_status":"closed","template":"elementor_header_footer","meta":{"_joinchat":[],"footnotes":""},"class_list":["post-58","page","type-page","status-publish"],"acf":[],"_links":{"self":[{"href":"https:\/\/dcorpus-spa.com\/en\/wp-json\/wp\/v2\/pages\/58","targetHints":{"allow":["GET"]}}],"collection":[{"href":"https:\/\/dcorpus-spa.com\/en\/wp-json\/wp\/v2\/pages"}],"about":[{"href":"https:\/\/dcorpus-spa.com\/en\/wp-json\/wp\/v2\/types\/page"}],"author":[{"embeddable":true,"href":"https:\/\/dcorpus-spa.com\/en\/wp-json\/wp\/v2\/users\/1"}],"replies":[{"embeddable":true,"href":"https:\/\/dcorpus-spa.com\/en\/wp-json\/wp\/v2\/comments?post=58"}],"version-history":[{"count":0,"href":"https:\/\/dcorpus-spa.com\/en\/wp-json\/wp\/v2\/pages\/58\/revisions"}],"wp:attachment":[{"href":"https:\/\/dcorpus-spa.com\/en\/wp-json\/wp\/v2\/media?parent=58"}],"curies":[{"name":"wp","href":"https:\/\/api.w.org\/{rel}","templated":true}]}}