{"id":50,"date":"2022-08-20T09:15:23","date_gmt":"2022-08-20T14:15:23","guid":{"rendered":"https:\/\/dcorpus-spa.com\/?page_id=50"},"modified":"2025-07-17T14:07:50","modified_gmt":"2025-07-17T19:07:50","slug":"contactanos","status":"publish","type":"page","link":"https:\/\/dcorpus-spa.com\/en\/contactanos\/","title":{"rendered":"Contact us"},"content":{"rendered":"<div data-elementor-type=\"wp-page\" data-elementor-id=\"50\" class=\"elementor elementor-50\">\n\t\t\t\t\t\t\t\t\t<section class=\"elementor-section elementor-top-section elementor-element elementor-element-905a77f elementor-section-height-min-height elementor-section-boxed elementor-section-height-default elementor-section-items-middle\" data-id=\"905a77f\" data-element_type=\"section\" data-settings=\"{&quot;background_background&quot;:&quot;classic&quot;}\" data-e-bg-lazyload=\"\">\n\t\t\t\t\t\t\t<div class=\"elementor-background-overlay\"><\/div>\n\t\t\t\t\t\t\t<div class=\"elementor-container elementor-column-gap-default\">\n\t\t\t\t\t<div class=\"elementor-column elementor-col-100 elementor-top-column elementor-element elementor-element-e8e3b4f\" data-id=\"e8e3b4f\" data-element_type=\"column\">\n\t\t\t<div class=\"elementor-widget-wrap elementor-element-populated\">\n\t\t\t\t\t\t\t\t<div class=\"elementor-element elementor-element-84d35df elementor-widget elementor-widget-heading\" data-id=\"84d35df\" data-element_type=\"widget\" data-widget_type=\"heading.default\">\n\t\t\t\t<div class=\"elementor-widget-container\">\n\t\t\t<style>\/*! elementor - v3.9.0 - 06-12-2022 *\/\n.elementor-heading-title{padding:0;margin:0;line-height:1}.elementor-widget-heading .elementor-heading-title[class*=elementor-size-]>a{color:inherit;font-size:inherit;line-height:inherit}.elementor-widget-heading .elementor-heading-title.elementor-size-small{font-size:15px}.elementor-widget-heading .elementor-heading-title.elementor-size-medium{font-size:19px}.elementor-widget-heading .elementor-heading-title.elementor-size-large{font-size:29px}.elementor-widget-heading .elementor-heading-title.elementor-size-xl{font-size:39px}.elementor-widget-heading .elementor-heading-title.elementor-size-xxl{font-size:59px}<\/style><h2 class=\"elementor-heading-title elementor-size-default\">Contact us<\/h2>\t\t<\/div>\n\t\t\t\t<\/div>\n\t\t\t\t\t<\/div>\n\t\t<\/div>\n\t\t\t\t\t\t\t<\/div>\n\t\t<\/section>\n\t\t\t\t<section class=\"elementor-section elementor-top-section elementor-element elementor-element-e993754 elementor-section-height-min-height elementor-section-items-top elementor-section-boxed elementor-section-height-default\" data-id=\"e993754\" data-element_type=\"section\" data-settings=\"{&quot;background_background&quot;:&quot;classic&quot;}\" data-e-bg-lazyload=\"\">\n\t\t\t\t\t\t<div class=\"elementor-container elementor-column-gap-default\">\n\t\t\t\t\t<div class=\"elementor-column elementor-col-33 elementor-top-column elementor-element elementor-element-4885437\" data-id=\"4885437\" data-element_type=\"column\">\n\t\t\t<div class=\"elementor-widget-wrap elementor-element-populated\">\n\t\t\t\t\t\t\t\t<div class=\"elementor-element elementor-element-80554e4 elementor-widget elementor-widget-google_maps\" data-id=\"80554e4\" data-element_type=\"widget\" data-widget_type=\"google_maps.default\">\n\t\t\t\t<div class=\"elementor-widget-container\">\n\t\t\t<style>\/*! elementor - v3.9.0 - 06-12-2022 *\/\n.elementor-widget-google_maps .elementor-widget-container{overflow:hidden}.elementor-widget-google_maps iframe{height:300px}<\/style>\t\t<div class=\"elementor-custom-embed\">\n\t\t\t<iframe frameborder=\"0\" scrolling=\"no\" marginheight=\"0\" marginwidth=\"0\"\n\t\t\t\t\tsrc=\"https:\/\/maps.google.com\/maps?q=Av.%20Roosevelt%2336a%20-%2041%2C%20Cali%2C%20Valle%20del%20Cauca&#038;t=m&#038;z=18&#038;output=embed&#038;iwloc=near\"\n\t\t\t\t\ttitle=\"Avenida Roosevelt#36a - 41, Cali, Valle del Cauca\"\n\t\t\t\t\taria-label=\"Avenida Roosevelt#36a - 41, Cali, Valle del Cauca\"\n\t\t\t><\/iframe>\n\t\t<\/div>\n\t\t\t\t<\/div>\n\t\t\t\t<\/div>\n\t\t\t\t\t<\/div>\n\t\t<\/div>\n\t\t\t\t<div class=\"elementor-column elementor-col-33 elementor-top-column elementor-element elementor-element-3e3e4fe\" data-id=\"3e3e4fe\" data-element_type=\"column\">\n\t\t\t<div class=\"elementor-widget-wrap elementor-element-populated\">\n\t\t\t\t\t\t\t\t<section class=\"elementor-section elementor-inner-section elementor-element elementor-element-9ff2bc4 elementor-section-boxed elementor-section-height-default elementor-section-height-default\" data-id=\"9ff2bc4\" data-element_type=\"section\">\n\t\t\t\t\t\t<div class=\"elementor-container elementor-column-gap-default\">\n\t\t\t\t\t<div class=\"elementor-column elementor-col-100 elementor-inner-column elementor-element elementor-element-1a42eb7\" data-id=\"1a42eb7\" data-element_type=\"column\">\n\t\t\t<div class=\"elementor-widget-wrap elementor-element-populated\">\n\t\t\t\t\t\t\t\t<div class=\"elementor-element elementor-element-f63398e elementor-view-stacked elementor-position-left elementor-vertical-align-middle elementor-widget__width-auto elementor-mobile-position-left elementor-widget-mobile__width-inherit elementor-shape-circle elementor-widget elementor-widget-icon-box\" data-id=\"f63398e\" data-element_type=\"widget\" data-widget_type=\"icon-box.default\">\n\t\t\t\t<div class=\"elementor-widget-container\">\n\t\t\t<link rel=\"stylesheet\" href=\"https:\/\/dcorpus-spa.com\/wp-content\/plugins\/elementor\/assets\/css\/widget-icon-box.min.css\">\t\t<div class=\"elementor-icon-box-wrapper\">\n\t\t\t\t\t\t<div class=\"elementor-icon-box-icon\">\n\t\t\t\t<span class=\"elementor-icon elementor-animation-\" >\n\t\t\t\t<i aria-hidden=\"true\" class=\"fas fa-phone-alt\"><\/i>\t\t\t\t<\/span>\n\t\t\t<\/div>\n\t\t\t\t\t\t<div class=\"elementor-icon-box-content\">\n\t\t\t\t<h3 class=\"elementor-icon-box-title\">\n\t\t\t\t\t<span  >\n\t\t\t\t\t\tPhone\t\t\t\t\t<\/span>\n\t\t\t\t<\/h3>\n\t\t\t\t\t\t\t\t\t<p class=\"elementor-icon-box-description\">\n\t\t\t\t\t\t602 558 08 18\t\t\t\t\t<\/p>\n\t\t\t\t\t\t\t<\/div>\n\t\t<\/div>\n\t\t\t\t<\/div>\n\t\t\t\t<\/div>\n\t\t\t\t<div class=\"elementor-element elementor-element-80c956d elementor-view-stacked elementor-position-left elementor-vertical-align-middle elementor-widget__width-auto elementor-mobile-position-left elementor-widget-mobile__width-inherit elementor-shape-circle elementor-widget elementor-widget-icon-box\" data-id=\"80c956d\" data-element_type=\"widget\" data-widget_type=\"icon-box.default\">\n\t\t\t\t<div class=\"elementor-widget-container\">\n\t\t\t\t\t<div class=\"elementor-icon-box-wrapper\">\n\t\t\t\t\t\t<div class=\"elementor-icon-box-icon\">\n\t\t\t\t<a class=\"elementor-icon elementor-animation-\" href=\"https:\/\/api.whatsapp.com\/send\/?phone=573182530358\" target=\"_blank\" rel=\"noopener\">\n\t\t\t\t<i aria-hidden=\"true\" class=\"fab fa-whatsapp\"><\/i>\t\t\t\t<\/a>\n\t\t\t<\/div>\n\t\t\t\t\t\t<div class=\"elementor-icon-box-content\">\n\t\t\t\t<h3 class=\"elementor-icon-box-title\">\n\t\t\t\t\t<a href=\"https:\/\/api.whatsapp.com\/send\/?phone=573182530358\" target=\"_blank\" rel=\"noopener\">\n\t\t\t\t\t\tWhatsApp\t\t\t\t\t<\/a>\n\t\t\t\t<\/h3>\n\t\t\t\t\t\t\t\t\t<p class=\"elementor-icon-box-description\">\n\t\t\t\t\t\t+57 318 253 0358\t\t\t\t\t<\/p>\n\t\t\t\t\t\t\t<\/div>\n\t\t<\/div>\n\t\t\t\t<\/div>\n\t\t\t\t<\/div>\n\t\t\t\t<div class=\"elementor-element elementor-element-edf2d93 elementor-view-stacked elementor-position-left elementor-vertical-align-middle elementor-widget__width-auto elementor-mobile-position-left elementor-widget-mobile__width-inherit elementor-shape-circle elementor-widget elementor-widget-icon-box\" data-id=\"edf2d93\" data-element_type=\"widget\" data-widget_type=\"icon-box.default\">\n\t\t\t\t<div class=\"elementor-widget-container\">\n\t\t\t\t\t<div class=\"elementor-icon-box-wrapper\">\n\t\t\t\t\t\t<div class=\"elementor-icon-box-icon\">\n\t\t\t\t<a class=\"elementor-icon elementor-animation-\" href=\"mailto:infospa@dcorpus.com.co\">\n\t\t\t\t<i aria-hidden=\"true\" class=\"fas fa-mail-bulk\"><\/i>\t\t\t\t<\/a>\n\t\t\t<\/div>\n\t\t\t\t\t\t<div class=\"elementor-icon-box-content\">\n\t\t\t\t<h3 class=\"elementor-icon-box-title\">\n\t\t\t\t\t<a href=\"mailto:infospa@dcorpus.com.co\" >\n\t\t\t\t\t\tEmail\t\t\t\t\t<\/a>\n\t\t\t\t<\/h3>\n\t\t\t\t\t\t\t\t\t<p class=\"elementor-icon-box-description\">\n\t\t\t\t\t\tinfospa@dcorpus.com.co\t\t\t\t\t<\/p>\n\t\t\t\t\t\t\t<\/div>\n\t\t<\/div>\n\t\t\t\t<\/div>\n\t\t\t\t<\/div>\n\t\t\t\t\t<\/div>\n\t\t<\/div>\n\t\t\t\t\t\t\t<\/div>\n\t\t<\/section>\n\t\t\t\t<div class=\"elementor-element elementor-element-8cb446e elementor-widget elementor-widget-html\" data-id=\"8cb446e\" data-element_type=\"widget\" data-widget_type=\"html.default\">\n\t\t\t\t<div class=\"elementor-widget-container\">\n\t\t\t<!DOCTYPE html>\n<html>\n\n<head>\n    <style>\n        \/* Estilos para los inputs *\/\n        input[type=\"text\"],\n        input[type=\"email\"],\n        textarea {\n            width: 100%;\n            padding: 10px;\n            margin-bottom: 10px;\n            border: 1px solid #4470B3;\n            background-color: white;\n            font-size: 16px;\n            color: #4470B3;\n            margin-bottom: 26px;\n        }\n\n        \/* Estilos para el placeholder *\/\n        ::placeholder {\n            color: #c6c6c6;\n        }\n\n        \/* Estilos para el input de Descripci\u00f3n *\/\n        textarea[name=\"description\"] {\n            width: 100%;\n            margin-bottom: 10px;\n            padding-bottom: 100px;\n            border: 1px solid #4470B3;\n            background-color: white;\n            font-size: 16px;\n            color: #4470B3;\n            resize: vertical;\n            \/* Permite redimensionar verticalmente *\/\n        }\n\n        \/* Estilos para los labels (ocultos) *\/\n        label {\n            display: none;\n        }\n\n        \/* Estilos para el bot\u00f3n *\/\n        input[type=\"submit\"] {\n            background-color: #4470B3;\n            color: white;\n            padding: 10px 20px;\n            border: none;\n            cursor: pointer;\n            float: right;\n            width: 180px\n        }\n\n        \/* Estilos para los inputs *\/\n        input[type=\"text\"],\n        input[type=\"email\"],\n        textarea {\n            width: 100%;\n            padding: 10px;\n            margin-bottom: 10px;\n            border: 1px solid #4470B3;\n            background-color: white;\n            font-size: 16px;\n            color: #4470B3;\n            margin-bottom: 26px;\n            \/* Nuevos estilos *\/\n            transition: border 0.3s, background-color 0.3s;\n        }\n\n        \/* Estilos al enfocar los inputs *\/\n        input[type=\"text\"]:focus,\n        input[type=\"email\"]:focus,\n        textarea:focus {\n            border: 1px solid #2C5E9E;\n            \/* Cambia el color del borde al enfocar *\/\n            background-color: white;\n            \/* Mant\u00e9n el fondo blanco al enfocar *\/\n        }\n    <\/style>\n<\/head>\n\n<body>\n\n    <form id=\"_vtigerWebForm\" name=\"Contacto\" action=\"https:\/\/dcorpus-spa.rayocrm.com\/modules\/Webforms\/capture.php\"\n        method=\"post\" accept-charset=\"utf-8\" enctype=\"multipart\/form-data\" data-trp-original-action=\"https:\/\/dcorpus-spa.rayocrm.com\/modules\/Webforms\/capture.php\">\n        <input type=\"hidden\" name=\"vtrftk\" value=\"sid:7bc34dcd1db3140aabce0ebad8bff76b950d19d0,1691512134\">\n        <input type=\"hidden\" name=\"publicid\" value=\"3ba233c5981bf5f4946f9ffdaa2fa030\">\n        <input type=\"hidden\" name=\"urlencodeenable\" value=\"1\">\n        <input type=\"hidden\" name=\"name\" value=\"Contacto\">\n\n        <label>Name<\/label>\n        <input type=\"text\" name=\"firstname\" data-label=\"\" placeholder=\"Name\" id=\"firstname\">\n\n        <label>Last name*<\/label>\n        <input type=\"text\" name=\"lastname\" data-label=\"\" placeholder=\"Last name\" id=\"lastname\" required>\n\n        <label>Mobile<\/label>\n        <input type=\"text\" name=\"mobile\" data-label=\"\" placeholder=\"Mobile\" id=\"mobile\">\n\n        <label>Primary Email<\/label>\n        <input type=\"email\" name=\"email\" data-label=\"\" placeholder=\"Primary Email\" id=\"email\" >\n\n        <label>Description<\/label>\n        <textarea name=\"description\" placeholder=\"Description\" id=\"description\"><\/textarea>\n\n        <div class=\"g-recaptcha\" style=\"margin:5px;\" data-sitekey=\"6LcIL-EnAAAAAMgUETAQA4zCExVOW33OfeWlVhc_\"> <\/div>\n\n        <input type=\"submit\" value=\"Send\" id=\"btn-contac\">\n\n        <div id=\"errormsg\"><\/div>\n\n    <input type=\"hidden\" name=\"trp-form-language\" value=\"en\"\/><\/form>\n\n    <script src=\"https:\/\/www.google.com\/recaptcha\/api.js\" async defer><\/script>\n\n    \n\n<script>\n    jQuery(\"#btn-contac\").click(function (evt) {\n        evt.preventDefault();\n        let formcontac = document.getElementById(\"_vtigerWebForm\");\n        var response = grecaptcha.getResponse();\n        let nombre = document.getElementById(\"firstname\").value;\n        let apellido = document.getElementById(\"lastname\").value;\n        let email = document.getElementById(\"email\").value;\n        let mobile = document.getElementById(\"mobile\").value;\n        let descripcion = document.querySelector(\"textarea[name='description']\").value; \/\/ Correcci\u00f3n aqu\u00ed\n        let regexEmail = \/^\\w+([\\.-]?\\w+)*@\\w+([\\.-]?\\w+)*(\\.\\w{2,3})+$\/;\n        let warning = document.getElementById(\"errormsg\");\n        let style = 'color:red;font-size:20px;font-weight:500;';\n\n        if (nombre.trim() == '' || nombre == null) {\n            warning.innerHTML = \"<p style=\" + style + \">\" + 'Rellene el campo nombre' + \"<\/p>\";\n            return;\n        }\n\n        if (apellido.trim() == '' || apellido == null) {\n            warning.innerHTML = \"<p style=\" + style + \">\" + 'Rellene el campo apellido' + \"<\/p>\";\n            return;\n        }\n\n        if (email.trim() == '' || email == null) {\n            warning.innerHTML = \"<p style=\" + style + \">\" + 'Rellene el campo correo electronico' + \"<\/p>\";\n            return;\n        }\n\n        if (!regexEmail.test(email)) {\n            warning.innerHTML = \"<p style=\" + style + \">\" + 'Inserte un email v\u00e1lido' + \"<\/p>\";\n            return;\n        }\n\n        if (mobile.trim() == '' || mobile == null) {\n            warning.innerHTML = \"<p style=\" + style + \">\" + 'Rellene el campo m\u00f3vil' + \"<\/p>\";\n            return;\n        }\n\n        if (descripcion.trim() == '' || descripcion == null) {\n            warning.innerHTML = \"<p style=\" + style + \">\" + 'Rellene el campo descripci\u00f3n' + \"<\/p>\";\n            return;\n        }\n\n        if (response.length === 0) {\n            warning.innerHTML = \"<p style=\" + style + \">\" + 'Rellene captcha' + \"<\/p>\";\n        } else {\n            formcontac.submit();\n            console.log(\"Enviado\");\n        }\n    });\n<\/script>\n\n\n\n\n\n\n<\/body>\n\n<\/html>\t\t<\/div>\n\t\t\t\t<\/div>\n\t\t\t\t\t<\/div>\n\t\t<\/div>\n\t\t\t\t<div class=\"elementor-column elementor-col-33 elementor-top-column elementor-element elementor-element-abfd74a\" data-id=\"abfd74a\" data-element_type=\"column\">\n\t\t\t<div class=\"elementor-widget-wrap elementor-element-populated\">\n\t\t\t\t\t\t\t\t<div class=\"elementor-element elementor-element-a8391de elementor-widget elementor-widget-html\" data-id=\"a8391de\" data-element_type=\"widget\" data-widget_type=\"html.default\">\n\t\t\t\t<div class=\"elementor-widget-container\">\n\t\t\t<div><h3 style=\"color: #4470b3; font-weight: bold;\">Horario<\/h3><\/div><div style=\"font-family: Arial, sans-serif; color: #7A7A7A; font-size: 14px;\">\n  <div>\n    <span style=\"color: #4470b3; font-weight: bold;\">Lunes a jueves:<\/span>\n    <span>9:30 a. m. \u2013 6:30 p. m.<\/span>\n  <\/div>\n  <div>\n    <span style=\"color: #4470b3; font-weight: bold;\">Viernes y s\u00e1bado:<\/span>\n    <span>9:00 a. m. \u2013 7:00 p. m.<\/span>\n  <\/div>\n  <div>\n    <span style=\"color: #4470b3; font-weight: bold;\">Domingo:<\/span>\n    <span style=\"color: #7A7A7A;\">Variable<\/span>\n  <\/div>\n<\/div>\n\t\t<\/div>\n\t\t\t\t<\/div>\n\t\t\t\t\t<\/div>\n\t\t<\/div>\n\t\t\t\t\t\t\t<\/div>\n\t\t<\/section>\n\t\t\t\t\t\t\t<\/div>","protected":false},"excerpt":{"rendered":"<p>Cont\u00e1ctanos Tel\u00e9fono 602 558 08 18 WhatsApp +57 318 253 0358 Email infospa@dcorpus.com.co Nombre Apellido* M\u00f3vil Correo Electr\u00f3nico Principal Descripci\u00f3n Horario Lunes a jueves: 9:30 a. m. \u2013 6:30 p. m. Viernes y s\u00e1bado: 9:00 a. m. \u2013 7:00 p. m. Domingo: Variable<\/p>","protected":false},"author":1,"featured_media":0,"parent":0,"menu_order":0,"comment_status":"closed","ping_status":"closed","template":"elementor_header_footer","meta":{"_joinchat":[],"footnotes":""},"class_list":["post-50","page","type-page","status-publish"],"acf":[],"_links":{"self":[{"href":"https:\/\/dcorpus-spa.com\/en\/wp-json\/wp\/v2\/pages\/50","targetHints":{"allow":["GET"]}}],"collection":[{"href":"https:\/\/dcorpus-spa.com\/en\/wp-json\/wp\/v2\/pages"}],"about":[{"href":"https:\/\/dcorpus-spa.com\/en\/wp-json\/wp\/v2\/types\/page"}],"author":[{"embeddable":true,"href":"https:\/\/dcorpus-spa.com\/en\/wp-json\/wp\/v2\/users\/1"}],"replies":[{"embeddable":true,"href":"https:\/\/dcorpus-spa.com\/en\/wp-json\/wp\/v2\/comments?post=50"}],"version-history":[{"count":48,"href":"https:\/\/dcorpus-spa.com\/en\/wp-json\/wp\/v2\/pages\/50\/revisions"}],"predecessor-version":[{"id":2703,"href":"https:\/\/dcorpus-spa.com\/en\/wp-json\/wp\/v2\/pages\/50\/revisions\/2703"}],"wp:attachment":[{"href":"https:\/\/dcorpus-spa.com\/en\/wp-json\/wp\/v2\/media?parent=50"}],"curies":[{"name":"wp","href":"https:\/\/api.w.org\/{rel}","templated":true}]}}