{"id":40,"date":"2022-08-18T22:13:14","date_gmt":"2022-08-19T03:13:14","guid":{"rendered":"https:\/\/dcorpus-spa.com\/?page_id=40"},"modified":"2025-05-29T09:14:25","modified_gmt":"2025-05-29T14:14:25","slug":"quienes-somos","status":"publish","type":"page","link":"https:\/\/dcorpus-spa.com\/en\/quienes-somos\/","title":{"rendered":"Who we are"},"content":{"rendered":"<div data-elementor-type=\"wp-page\" data-elementor-id=\"40\" class=\"elementor elementor-40\">\n\t\t\t\t\t\t\t\t\t<section class=\"elementor-section elementor-top-section elementor-element elementor-element-6f76ce4 elementor-section-height-min-height elementor-section-boxed elementor-section-height-default elementor-section-items-middle\" data-id=\"6f76ce4\" data-element_type=\"section\" data-settings=\"{&quot;background_background&quot;:&quot;classic&quot;}\" data-e-bg-lazyload=\"\">\n\t\t\t\t\t\t<div class=\"elementor-container elementor-column-gap-default\">\n\t\t\t\t\t<div class=\"elementor-column elementor-col-100 elementor-top-column elementor-element elementor-element-d94da2f\" data-id=\"d94da2f\" data-element_type=\"column\">\n\t\t\t<div class=\"elementor-widget-wrap elementor-element-populated\">\n\t\t\t\t\t\t\t\t<div class=\"elementor-element elementor-element-4e46761 elementor-widget elementor-widget-heading\" data-id=\"4e46761\" data-element_type=\"widget\" data-widget_type=\"heading.default\">\n\t\t\t\t<div class=\"elementor-widget-container\">\n\t\t\t<style>\/*! elementor - v3.9.0 - 06-12-2022 *\/\n.elementor-heading-title{padding:0;margin:0;line-height:1}.elementor-widget-heading .elementor-heading-title[class*=elementor-size-]>a{color:inherit;font-size:inherit;line-height:inherit}.elementor-widget-heading .elementor-heading-title.elementor-size-small{font-size:15px}.elementor-widget-heading .elementor-heading-title.elementor-size-medium{font-size:19px}.elementor-widget-heading .elementor-heading-title.elementor-size-large{font-size:29px}.elementor-widget-heading .elementor-heading-title.elementor-size-xl{font-size:39px}.elementor-widget-heading .elementor-heading-title.elementor-size-xxl{font-size:59px}<\/style><h1 class=\"elementor-heading-title elementor-size-default\">D CORPUS SPA: Who we are?<\/h1>\t\t<\/div>\n\t\t\t\t<\/div>\n\t\t\t\t<div class=\"elementor-element elementor-element-5778cb8 elementor-widget elementor-widget-text-editor\" data-id=\"5778cb8\" data-element_type=\"widget\" data-widget_type=\"text-editor.default\">\n\t\t\t\t<div class=\"elementor-widget-container\">\n\t\t\t<style>\/*! elementor - v3.9.0 - 06-12-2022 *\/\n.elementor-widget-text-editor.elementor-drop-cap-view-stacked .elementor-drop-cap{background-color:#818a91;color:#fff}.elementor-widget-text-editor.elementor-drop-cap-view-framed .elementor-drop-cap{color:#818a91;border:3px solid;background-color:transparent}.elementor-widget-text-editor:not(.elementor-drop-cap-view-default) .elementor-drop-cap{margin-top:8px}.elementor-widget-text-editor:not(.elementor-drop-cap-view-default) .elementor-drop-cap-letter{width:1em;height:1em}.elementor-widget-text-editor .elementor-drop-cap{float:left;text-align:center;line-height:1;font-size:50px}.elementor-widget-text-editor .elementor-drop-cap-letter{display:inline-block}<\/style>\t\t\t\t<p>D&#8217;Corpus Spa, inspirado en las propiedades sanadoras y revitalizantes del agua, presenta una alternativa de escape en medio del agitado ritmo de la vida urbana. Desde Octubre de 2016, somos el primer spa con hidroterapia en la ciudad de Cali, integrando en cada uno de sus tratamientos, la sabidur\u00eda antigua y contempor\u00e1nea, para ofrecer a sus visitantes una amplia oferta de servicios, que brindan una experiencia de calidad y excelencia en torno al bienestar, la salud y la belleza.<\/p>\t\t\t\t\t\t<\/div>\n\t\t\t\t<\/div>\n\t\t\t\t<div class=\"elementor-element elementor-element-944ef85 elementor-widget elementor-widget-text-editor\" data-id=\"944ef85\" data-element_type=\"widget\" data-widget_type=\"text-editor.default\">\n\t\t\t\t<div class=\"elementor-widget-container\">\n\t\t\t\t\t\t\t<p>SPA means \u201cSalus per Aquam\u201d which translates Health through water, element recognized since antiquity as a therapeutic agent to maintain the health and improve the quality of life of the people. That&#039;s why, in D Corpus Spa our main service is the Paradise of the Water, the first circuit of hydrotherapy in Cali, composed by: waterfall cold (8\u00b0), heated swimming pool (33\u00b0) with six stations, hydro jets, sauna, Turkish bath, bed of bubble and dry area to relax. An hour and a half of complete disconnection from the outside world in a harmonious atmosphere and fresh.<\/p>\t\t\t\t\t\t<\/div>\n\t\t\t\t<\/div>\n\t\t\t\t\t<\/div>\n\t\t<\/div>\n\t\t\t\t\t\t\t<\/div>\n\t\t<\/section>\n\t\t\t\t<section class=\"elementor-section elementor-top-section elementor-element elementor-element-26f2b30 elementor-section-height-min-height elementor-section-boxed elementor-section-height-default elementor-section-items-middle\" data-id=\"26f2b30\" data-element_type=\"section\" data-settings=\"{&quot;background_background&quot;:&quot;classic&quot;}\" data-e-bg-lazyload=\"\">\n\t\t\t\t\t\t<div class=\"elementor-container elementor-column-gap-default\">\n\t\t\t\t\t<div class=\"elementor-column elementor-col-50 elementor-top-column elementor-element elementor-element-007a0ed\" data-id=\"007a0ed\" data-element_type=\"column\">\n\t\t\t<div class=\"elementor-widget-wrap elementor-element-populated\">\n\t\t\t\t\t\t\t\t<div class=\"elementor-element elementor-element-34ca262 e-transform e-transform elementor-widget elementor-widget-image\" data-id=\"34ca262\" data-element_type=\"widget\" data-settings=\"{&quot;_transform_translateX_effect_hover&quot;:{&quot;unit&quot;:&quot;px&quot;,&quot;size&quot;:-30,&quot;sizes&quot;:[]},&quot;_transform_scale_effect_hover&quot;:{&quot;unit&quot;:&quot;px&quot;,&quot;size&quot;:1.03,&quot;sizes&quot;:[]},&quot;_transform_translateX_effect_hover_tablet&quot;:{&quot;unit&quot;:&quot;px&quot;,&quot;size&quot;:&quot;&quot;,&quot;sizes&quot;:[]},&quot;_transform_translateX_effect_hover_mobile&quot;:{&quot;unit&quot;:&quot;px&quot;,&quot;size&quot;:&quot;&quot;,&quot;sizes&quot;:[]},&quot;_transform_translateY_effect_hover&quot;:{&quot;unit&quot;:&quot;px&quot;,&quot;size&quot;:&quot;&quot;,&quot;sizes&quot;:[]},&quot;_transform_translateY_effect_hover_tablet&quot;:{&quot;unit&quot;:&quot;px&quot;,&quot;size&quot;:&quot;&quot;,&quot;sizes&quot;:[]},&quot;_transform_translateY_effect_hover_mobile&quot;:{&quot;unit&quot;:&quot;px&quot;,&quot;size&quot;:&quot;&quot;,&quot;sizes&quot;:[]},&quot;_transform_scale_effect_hover_tablet&quot;:{&quot;unit&quot;:&quot;px&quot;,&quot;size&quot;:&quot;&quot;,&quot;sizes&quot;:[]},&quot;_transform_scale_effect_hover_mobile&quot;:{&quot;unit&quot;:&quot;px&quot;,&quot;size&quot;:&quot;&quot;,&quot;sizes&quot;:[]}}\" data-widget_type=\"image.default\">\n\t\t\t\t<div class=\"elementor-widget-container\">\n\t\t\t<style>\/*! elementor - v3.9.0 - 06-12-2022 *\/\n.elementor-widget-image{text-align:center}.elementor-widget-image a{display:inline-block}.elementor-widget-image a img[src$=\".svg\"]{width:48px}.elementor-widget-image img{vertical-align:middle;display:inline-block}<\/style>\t\t\t\t\t\t\t\t\t\t\t\t<img loading=\"lazy\" decoding=\"async\" width=\"768\" height=\"1151\" src=\"https:\/\/dcorpus-spa.com\/wp-content\/uploads\/2022\/09\/Spa_Corpus_2120_websize-768x1151.jpg\" class=\"attachment-medium_large size-medium_large wp-image-801\" alt=\"d&#039;corpus spa\" srcset=\"https:\/\/dcorpus-spa.com\/wp-content\/uploads\/2022\/09\/Spa_Corpus_2120_websize-768x1151.jpg 768w, https:\/\/dcorpus-spa.com\/wp-content\/uploads\/2022\/09\/Spa_Corpus_2120_websize-200x300.jpg 200w, https:\/\/dcorpus-spa.com\/wp-content\/uploads\/2022\/09\/Spa_Corpus_2120_websize-684x1024.jpg 684w, https:\/\/dcorpus-spa.com\/wp-content\/uploads\/2022\/09\/Spa_Corpus_2120_websize-1025x1536.jpg 1025w, https:\/\/dcorpus-spa.com\/wp-content\/uploads\/2022\/09\/Spa_Corpus_2120_websize-600x899.jpg 600w, https:\/\/dcorpus-spa.com\/wp-content\/uploads\/2022\/09\/Spa_Corpus_2120_websize.jpg 1068w\" sizes=\"auto, (max-width: 768px) 100vw, 768px\" \/>\t\t\t\t\t\t\t\t\t\t\t\t\t\t\t<\/div>\n\t\t\t\t<\/div>\n\t\t\t\t\t<\/div>\n\t\t<\/div>\n\t\t\t\t<div class=\"elementor-column elementor-col-50 elementor-top-column elementor-element elementor-element-48c2a3b\" data-id=\"48c2a3b\" data-element_type=\"column\">\n\t\t\t<div class=\"elementor-widget-wrap elementor-element-populated\">\n\t\t\t\t\t\t\t\t<div class=\"elementor-element elementor-element-6bec7bc elementor-widget elementor-widget-text-editor\" data-id=\"6bec7bc\" data-element_type=\"widget\" data-widget_type=\"text-editor.default\">\n\t\t\t\t<div class=\"elementor-widget-container\">\n\t\t\t\t\t\t\t<p>As a perfect complement we have designed a protocol for the realization of relaxing massage, deep tissue or four hands, combining relaxation techniques such as currents ayurvedas, foot reflexology, abdominal massage, the cranio-facial, the bambuterapia, the hot stones, the pandas, the sailing tibia, among others. The massage is performed in booths, themed environments designed to transport visitors to another space from the visual, sounds and aromas of each cabin.<\/p>\t\t\t\t\t\t<\/div>\n\t\t\t\t<\/div>\n\t\t\t\t\t<\/div>\n\t\t<\/div>\n\t\t\t\t\t\t\t<\/div>\n\t\t<\/section>\n\t\t\t\t<section class=\"elementor-section elementor-top-section elementor-element elementor-element-cdff0d5 elementor-section-height-min-height elementor-section-boxed elementor-section-height-default elementor-section-items-middle\" data-id=\"cdff0d5\" data-element_type=\"section\" data-settings=\"{&quot;background_background&quot;:&quot;classic&quot;}\" data-e-bg-lazyload=\"\">\n\t\t\t\t\t\t<div class=\"elementor-container elementor-column-gap-default\">\n\t\t\t\t\t<div class=\"elementor-column elementor-col-50 elementor-top-column elementor-element elementor-element-3be9af3\" data-id=\"3be9af3\" data-element_type=\"column\">\n\t\t\t<div class=\"elementor-widget-wrap elementor-element-populated\">\n\t\t\t\t\t\t\t\t<div class=\"elementor-element elementor-element-190a782 elementor-widget elementor-widget-heading\" data-id=\"190a782\" data-element_type=\"widget\" data-widget_type=\"heading.default\">\n\t\t\t\t<div class=\"elementor-widget-container\">\n\t\t\t<h2 class=\"elementor-heading-title elementor-size-default\">D CORPUS SPA FACIAL<\/h2>\t\t<\/div>\n\t\t\t\t<\/div>\n\t\t\t\t<div class=\"elementor-element elementor-element-643db87 elementor-widget elementor-widget-text-editor\" data-id=\"643db87\" data-element_type=\"widget\" data-widget_type=\"text-editor.default\">\n\t\t\t\t<div class=\"elementor-widget-container\">\n\t\t\t\t\t\t\t<p>In D Corpus Spa we understand the importance of taking care of the face and neck, that&#039;s why we offer facial treatments are designed to deeply cleanse, balance and rejuvenate the skin, combining advanced techniques with high quality products. Additional we offer the beautifying of the eyebrows micropigmentation done by certified professionals.&nbsp;<\/p>\t\t\t\t\t\t<\/div>\n\t\t\t\t<\/div>\n\t\t\t\t\t<\/div>\n\t\t<\/div>\n\t\t\t\t<div class=\"elementor-column elementor-col-50 elementor-top-column elementor-element elementor-element-c6cb44b\" data-id=\"c6cb44b\" data-element_type=\"column\">\n\t\t\t<div class=\"elementor-widget-wrap elementor-element-populated\">\n\t\t\t\t\t\t\t\t<div class=\"elementor-element elementor-element-60c5e6d e-transform e-transform elementor-widget elementor-widget-image\" data-id=\"60c5e6d\" data-element_type=\"widget\" data-settings=\"{&quot;_transform_translateX_effect_hover&quot;:{&quot;unit&quot;:&quot;px&quot;,&quot;size&quot;:-30,&quot;sizes&quot;:[]},&quot;_transform_scale_effect_hover&quot;:{&quot;unit&quot;:&quot;px&quot;,&quot;size&quot;:1.03,&quot;sizes&quot;:[]},&quot;_transform_translateX_effect_hover_tablet&quot;:{&quot;unit&quot;:&quot;px&quot;,&quot;size&quot;:&quot;&quot;,&quot;sizes&quot;:[]},&quot;_transform_translateX_effect_hover_mobile&quot;:{&quot;unit&quot;:&quot;px&quot;,&quot;size&quot;:&quot;&quot;,&quot;sizes&quot;:[]},&quot;_transform_translateY_effect_hover&quot;:{&quot;unit&quot;:&quot;px&quot;,&quot;size&quot;:&quot;&quot;,&quot;sizes&quot;:[]},&quot;_transform_translateY_effect_hover_tablet&quot;:{&quot;unit&quot;:&quot;px&quot;,&quot;size&quot;:&quot;&quot;,&quot;sizes&quot;:[]},&quot;_transform_translateY_effect_hover_mobile&quot;:{&quot;unit&quot;:&quot;px&quot;,&quot;size&quot;:&quot;&quot;,&quot;sizes&quot;:[]},&quot;_transform_scale_effect_hover_tablet&quot;:{&quot;unit&quot;:&quot;px&quot;,&quot;size&quot;:&quot;&quot;,&quot;sizes&quot;:[]},&quot;_transform_scale_effect_hover_mobile&quot;:{&quot;unit&quot;:&quot;px&quot;,&quot;size&quot;:&quot;&quot;,&quot;sizes&quot;:[]}}\" data-widget_type=\"image.default\">\n\t\t\t\t<div class=\"elementor-widget-container\">\n\t\t\t\t\t\t\t\t\t\t\t\t\t\t\t<img loading=\"lazy\" decoding=\"async\" width=\"768\" height=\"1151\" src=\"https:\/\/dcorpus-spa.com\/wp-content\/uploads\/2023\/02\/Spa_Corpus_0115_websize-768x1151.jpg\" class=\"attachment-medium_large size-medium_large wp-image-870\" alt=\"facial spa\" srcset=\"https:\/\/dcorpus-spa.com\/wp-content\/uploads\/2023\/02\/Spa_Corpus_0115_websize-768x1151.jpg 768w, https:\/\/dcorpus-spa.com\/wp-content\/uploads\/2023\/02\/Spa_Corpus_0115_websize-200x300.jpg 200w, https:\/\/dcorpus-spa.com\/wp-content\/uploads\/2023\/02\/Spa_Corpus_0115_websize-684x1024.jpg 684w, https:\/\/dcorpus-spa.com\/wp-content\/uploads\/2023\/02\/Spa_Corpus_0115_websize-1025x1536.jpg 1025w, https:\/\/dcorpus-spa.com\/wp-content\/uploads\/2023\/02\/Spa_Corpus_0115_websize-600x899.jpg 600w, https:\/\/dcorpus-spa.com\/wp-content\/uploads\/2023\/02\/Spa_Corpus_0115_websize.jpg 1068w\" sizes=\"auto, (max-width: 768px) 100vw, 768px\" \/>\t\t\t\t\t\t\t\t\t\t\t\t\t\t\t<\/div>\n\t\t\t\t<\/div>\n\t\t\t\t\t<\/div>\n\t\t<\/div>\n\t\t\t\t\t\t\t<\/div>\n\t\t<\/section>\n\t\t\t\t<section class=\"elementor-section elementor-top-section elementor-element elementor-element-ef4bd98 elementor-section-height-min-height elementor-section-boxed elementor-section-height-default elementor-section-items-middle\" data-id=\"ef4bd98\" data-element_type=\"section\" data-settings=\"{&quot;background_background&quot;:&quot;classic&quot;}\" data-e-bg-lazyload=\"\">\n\t\t\t\t\t\t<div class=\"elementor-container elementor-column-gap-default\">\n\t\t\t\t\t<div class=\"elementor-column elementor-col-100 elementor-top-column elementor-element elementor-element-76087f3\" data-id=\"76087f3\" data-element_type=\"column\">\n\t\t\t<div class=\"elementor-widget-wrap elementor-element-populated\">\n\t\t\t\t\t\t\t\t<div class=\"elementor-element elementor-element-379be9b elementor-widget elementor-widget-heading\" data-id=\"379be9b\" data-element_type=\"widget\" data-widget_type=\"heading.default\">\n\t\t\t\t<div class=\"elementor-widget-container\">\n\t\t\t<h2 class=\"elementor-heading-title elementor-size-default\">\u00bfC\u00d3MO NACI\u00d3 DCORPUS SPA?<\/h2>\t\t<\/div>\n\t\t\t\t<\/div>\n\t\t\t\t<div class=\"elementor-element elementor-element-78bb7bf elementor-widget elementor-widget-text-editor\" data-id=\"78bb7bf\" data-element_type=\"widget\" data-widget_type=\"text-editor.default\">\n\t\t\t\t<div class=\"elementor-widget-container\">\n\t\t\t\t\t\t\tLa preocupaci\u00f3n por la conservaci\u00f3n, el restablecimiento y el cuidado de la salud ha sido una constante en la filosof\u00eda de vida del Dr. Belman Galvis M, m\u00e9dico especializado en Cirug\u00eda Pl\u00e1stica, Est\u00e9tica y Recosntructiva, director y gerente de D\u00b4Corpus International que ofrece sus servicios en la ciudad de Cali a pacientes provenientes de diversas partes del mundo, que acuden atra\u00eddos por la calidad de sus servicios y t\u00e9cnicas innovadoras.\n\nSi bien es cierto que la belleza y armon\u00eda del aspecto f\u00edsico es importante, por encima de lo f\u00edsico est\u00e1 la conservaci\u00f3n de la salud mental para alcanzar el m\u00e1ximo grado de bienestar. Es as\u00ed como nace el inter\u00e9s de hacer un SPA en la ciudad de Cali, como parte de un tratamiento hol\u00edstico que estuviera a la altura de los mejores SPA del mundo.\n\nYa desde la antig\u00fcedad, Hip\u00f3crates, el padre de la medicina, 500 a\u00f1os AC, hab\u00eda descrito las propiedades curativas y relajantes del agua. Desde cuando se tiene registro, hace unos 5.000 a\u00f1os, los sumerios, los chinos, los egipcios, los griegos y los nativos americanos, ya utilizaban el agua de una manera u otra por sus efectos sanadores.\nPero fue durante el imperio romano que se populariz\u00f3 la pr\u00e1ctica de crear ambientes apropiados para salir de la rutina y encontrar la relajaci\u00f3n, girando alrededor del agua. &#8220;Salud Per Aqua&#8221; la salud por el agua, SPA, fue el concepto que se acogi\u00f3 y se expandi\u00f3 por Europa y todo el mediterr\u00e1neo, al ritmo del crecimiento de las metr\u00f3polis.\n\nD\u00b4Corpus SPA &#8220;Wellness Center, tiene como objetivo curar y relajar por intermedio del agua &#8220;Salud Per Aqua&#8221;. Se trata de un enfoque hol\u00edstico que permite impulsar la renovaci\u00f3n de la mente, el cuerpo y el esp\u00edritu, para alcanzar la armon\u00eda, el bienestar y el equilibrio tanto f\u00edsico como ps\u00edquico. Por lo cual, adem\u00e1s del uso del agua en diversas formas, se cuenta con una gran variedad de masajes corporales y faciales, aromaterapia, musicoterapia, acompa\u00f1ado de jardines Zen que permita alcanzar la relajaci\u00f3n y bienestar de manera hol\u00edstica.\n\nEl esfuerzo y dedicaci\u00f3n ha rendido sus frutos, beneficiando a una gran y distinguida clientela que busca salud y bienestar. Hoy D\u00b4Corpus SPA es reconocido como el mejor SPA en el Valle y el occidente colombiano por la ciudadan\u00eda cale\u00f1a.\n\n<strong>D\u00b4Corpus SPA, &#8220;El para\u00edso del agua&#8221;.<\/strong>\n\nSi quieres saber m\u00e1s del doctor Belman Galvis M, visita <a href=\"http:\/\/www.dcorpusinternational.com\/\" target=\"_blank\" rel=\"follow noopener\">www.dcorpusinternational.com<\/a>.\n\t\t\t\t\t\t<\/div>\n\t\t\t\t<\/div>\n\t\t\t\t\t<\/div>\n\t\t<\/div>\n\t\t\t\t\t\t\t<\/div>\n\t\t<\/section>\n\t\t\t\t<section class=\"elementor-section elementor-top-section elementor-element elementor-element-11a7328 elementor-section-height-min-height elementor-section-boxed elementor-section-height-default elementor-section-items-middle\" data-id=\"11a7328\" data-element_type=\"section\" data-settings=\"{&quot;background_background&quot;:&quot;classic&quot;}\" data-e-bg-lazyload=\"\">\n\t\t\t\t\t\t\t<div class=\"elementor-background-overlay\"><\/div>\n\t\t\t\t\t\t\t<div class=\"elementor-container elementor-column-gap-default\">\n\t\t\t\t\t<div class=\"elementor-column elementor-col-100 elementor-top-column elementor-element elementor-element-8b75917\" data-id=\"8b75917\" data-element_type=\"column\">\n\t\t\t<div class=\"elementor-widget-wrap elementor-element-populated\">\n\t\t\t\t\t\t\t\t<div class=\"elementor-element elementor-element-472416b elementor-widget__width-initial elementor-widget elementor-widget-heading\" data-id=\"472416b\" data-element_type=\"widget\" data-widget_type=\"heading.default\">\n\t\t\t\t<div class=\"elementor-widget-container\">\n\t\t\t<h2 class=\"elementor-heading-title elementor-size-default\">A space that invites you to live an exceptional experience,<br>\nInnovative and energy of connection with the self,<br>\nWith the inner self, with the health, beauty and life.<\/h2>\t\t<\/div>\n\t\t\t\t<\/div>\n\t\t\t\t<div class=\"elementor-element elementor-element-4642ce5 elementor-align-center elementor-widget elementor-widget-button\" data-id=\"4642ce5\" data-element_type=\"widget\" data-widget_type=\"button.default\">\n\t\t\t\t<div class=\"elementor-widget-container\">\n\t\t\t\t\t<div class=\"elementor-button-wrapper\">\n\t\t\t<a href=\"https:\/\/dcorpus-spa.com\/en\/paquetes-y-bonos\/\" class=\"elementor-button-link elementor-button elementor-size-sm elementor-animation-float\" role=\"button\">\n\t\t\t\t\t\t<span class=\"elementor-button-content-wrapper\">\n\t\t\t\t\t\t<span class=\"elementor-button-text\">Agenda now<\/span>\n\t\t<\/span>\n\t\t\t\t\t<\/a>\n\t\t<\/div>\n\t\t\t\t<\/div>\n\t\t\t\t<\/div>\n\t\t\t\t\t<\/div>\n\t\t<\/div>\n\t\t\t\t\t\t\t<\/div>\n\t\t<\/section>\n\t\t\t\t<section class=\"elementor-section elementor-top-section elementor-element elementor-element-6db8374 elementor-section-boxed elementor-section-height-default elementor-section-height-default\" data-id=\"6db8374\" data-element_type=\"section\">\n\t\t\t\t\t\t<div class=\"elementor-container elementor-column-gap-default\">\n\t\t\t\t\t<div class=\"elementor-column elementor-col-100 elementor-top-column elementor-element elementor-element-9b72668\" data-id=\"9b72668\" data-element_type=\"column\">\n\t\t\t<div class=\"elementor-widget-wrap elementor-element-populated\">\n\t\t\t\t\t\t\t\t<section class=\"elementor-section elementor-inner-section elementor-element elementor-element-6962853 elementor-hidden-desktop elementor-hidden-tablet elementor-hidden-mobile elementor-section-boxed elementor-section-height-default elementor-section-height-default\" data-id=\"6962853\" data-element_type=\"section\">\n\t\t\t\t\t\t<div class=\"elementor-container elementor-column-gap-default\">\n\t\t\t\t\t<div class=\"elementor-column elementor-col-50 elementor-inner-column elementor-element elementor-element-dc84d1b\" data-id=\"dc84d1b\" data-element_type=\"column\">\n\t\t\t<div class=\"elementor-widget-wrap elementor-element-populated\">\n\t\t\t\t\t\t\t\t<div class=\"elementor-element elementor-element-0618ff1 elementor-widget elementor-widget-image\" data-id=\"0618ff1\" data-element_type=\"widget\" data-widget_type=\"image.default\">\n\t\t\t\t<div class=\"elementor-widget-container\">\n\t\t\t\t\t\t\t\t\t\t\t\t\t\t\t<img loading=\"lazy\" decoding=\"async\" width=\"150\" height=\"150\" src=\"https:\/\/dcorpus-spa.com\/wp-content\/uploads\/2022\/08\/Salafloresta-150x150.png\" class=\"attachment-thumbnail size-thumbnail wp-image-376\" alt=\"d&#039;corpus spa\" srcset=\"https:\/\/dcorpus-spa.com\/wp-content\/uploads\/2022\/08\/Salafloresta-150x150.png 150w, https:\/\/dcorpus-spa.com\/wp-content\/uploads\/2022\/08\/Salafloresta-100x100.png 100w\" sizes=\"auto, (max-width: 150px) 100vw, 150px\" \/>\t\t\t\t\t\t\t\t\t\t\t\t\t\t\t<\/div>\n\t\t\t\t<\/div>\n\t\t\t\t\t<\/div>\n\t\t<\/div>\n\t\t\t\t<div class=\"elementor-column elementor-col-50 elementor-inner-column elementor-element elementor-element-382b861\" data-id=\"382b861\" data-element_type=\"column\">\n\t\t\t<div class=\"elementor-widget-wrap\">\n\t\t\t\t\t\t\t\t\t<\/div>\n\t\t<\/div>\n\t\t\t\t\t\t\t<\/div>\n\t\t<\/section>\n\t\t\t\t\t<\/div>\n\t\t<\/div>\n\t\t\t\t\t\t\t<\/div>\n\t\t<\/section>\n\t\t\t\t\t\t\t<\/div>","protected":false},"excerpt":{"rendered":"<p>D&#8217;CORPUS SPA: \u00bfQui\u00e9nes somos? D&#8217;Corpus Spa, inspirado en las propiedades sanadoras y revitalizantes del agua, presenta una alternativa de escape en medio del agitado ritmo de la vida urbana. Desde Octubre de 2016, somos el primer spa con hidroterapia en la ciudad de Cali, integrando en cada uno de sus tratamientos, la sabidur\u00eda antigua y &#8230; <a title=\"Who we are\" class=\"read-more\" href=\"https:\/\/dcorpus-spa.com\/en\/quienes-somos\/\" aria-label=\"More on Qui\u00e9nes somos\">Read more<\/a><\/p>","protected":false},"author":1,"featured_media":0,"parent":0,"menu_order":0,"comment_status":"closed","ping_status":"closed","template":"elementor_header_footer","meta":{"_joinchat":[],"footnotes":""},"class_list":["post-40","page","type-page","status-publish"],"acf":[],"_links":{"self":[{"href":"https:\/\/dcorpus-spa.com\/en\/wp-json\/wp\/v2\/pages\/40","targetHints":{"allow":["GET"]}}],"collection":[{"href":"https:\/\/dcorpus-spa.com\/en\/wp-json\/wp\/v2\/pages"}],"about":[{"href":"https:\/\/dcorpus-spa.com\/en\/wp-json\/wp\/v2\/types\/page"}],"author":[{"embeddable":true,"href":"https:\/\/dcorpus-spa.com\/en\/wp-json\/wp\/v2\/users\/1"}],"replies":[{"embeddable":true,"href":"https:\/\/dcorpus-spa.com\/en\/wp-json\/wp\/v2\/comments?post=40"}],"version-history":[{"count":61,"href":"https:\/\/dcorpus-spa.com\/en\/wp-json\/wp\/v2\/pages\/40\/revisions"}],"predecessor-version":[{"id":2609,"href":"https:\/\/dcorpus-spa.com\/en\/wp-json\/wp\/v2\/pages\/40\/revisions\/2609"}],"wp:attachment":[{"href":"https:\/\/dcorpus-spa.com\/en\/wp-json\/wp\/v2\/media?parent=40"}],"curies":[{"name":"wp","href":"https:\/\/api.w.org\/{rel}","templated":true}]}}